{"id":213,"date":"2022-08-01T15:48:12","date_gmt":"2022-08-01T13:48:12","guid":{"rendered":"https:\/\/www.renovart-ouvertures.fr\/landings\/?page_id=213"},"modified":"2025-04-18T12:43:56","modified_gmt":"2025-04-18T10:43:56","slug":"localiser-un-artisan","status":"publish","type":"page","link":"https:\/\/www.renovart-ouvertures.fr\/landings\/localiser-un-artisan\/","title":{"rendered":"Localiser un artisan"},"content":{"rendered":"<div class=\"wpb-content-wrapper\">[vc_row][vc_column][vc_column_text]\r\n<style type=\"text\/css\">\n  #asl-storelocator.asl-cont.asl-template-0 {--sl-font-size: 13px;--sl-title-size: 15px;--sl-btn-size: 13px;--sl-primary: #FDC600;--sl-header: #F7F7F7;--sl-header-color: #32373c;--sl-infobox-color: #555d66;--sl-infobox-bg: #FFFFFF;--sl-infobox-a: #FDC600;--sl-action-btn-color: #FFFFFF;--sl-action-btn-bg: #FDC600;--sl-color: #555d66;--sl-list-bg: #FFFFFF;--sl-list-title: #32373c;--sl-list-sub-title: #6a6a6a;--sl-highlighted: #F7F7F7;}.asl-p-cont .asl-print-btn,.asl-cont .asl-print-btn {display: none !important;}  .asl-cont .onoffswitch .onoffswitch-label .onoffswitch-switch:before {content: \"OUVRIR\" !important;}\n  .asl-cont .onoffswitch .onoffswitch-label .onoffswitch-switch:after {content: \"ALL\" !important;}\n  \n  @media (max-width: 767px) {\n    #asl-storelocator.asl-cont .asl-panel {order: 0;}\n  }\n<\/style>\n<div id=\"asl-storelocator\" class=\"storelocator-main asl-cont asl-template-0 asl-layout-0 asl-bg-6 full-width sl-category-tabs  asl-text-1\">\n  <div class=\"asl-wrapper\">\n    <div class=\"sl-container-fluid\">\n             \n      <div class=\"sl-row Filter_section\">\n          <div class=\"pol-lg-4 pol-md-5 pol-sm-12 search_filter\">\n              <p class=\"mb-2\">Chercher un partenaire R\u00e9nov&#039;Art<\/p>\n              <div class=\"sl-search-group d-flex\">\n                <input type=\"text\" value=\"\" data-submit=\"disable\"  tabindex=\"2\" id=\"auto-complete-search\" placeholder=\"Saisissez un lieu\"  class=\"asl-search-address form-control isp_ignore\">\n                <button type=\"button\" class=\"span-geo\"><i class=\"icon-search\" title=\"Chercher un partenaire R\u00e9nov'Art\"><\/i><\/button>\n              <\/div>\n          <\/div>\n          <div class=\"pol-lg-8 pol-md-7 pol-sm-12\">\n            <div class=\"sl-row\">\n              <div class=\"pol-sm-12 asl-advance-filters hide\">\n                <div class=\"sl-row\">\n                                                      <div class=\"pol-lg-4 pol-md-6 pol-sm-12  asl-tabs-ddl pol-12 pol-lg-12 pol-md-12 pol-sm-12 asl-ddl-filters\">\n                      <div class=\"asl-filter-cntrl\">\n                        <label class=\"asl-cntrl-lbl\">Categorie<\/label>\n                        <div class=\"sl-dropdown-cont\" id=\"categories_filter\">\n                        <\/div>\n                      <\/div>\n                  <\/div>\n                                                                        <div class=\"pol-lg-4 pol-md-6 pol-sm-12  asl-tabs-ddl pol-12 pol-lg-12 pol-md-12 pol-sm-12 asl-ddl-filters\">\n                      <div class=\"asl-filter-cntrl\">\n                        <label class=\"asl-cntrl-lbl\">Certification<\/label>\n                        <div class=\"sl-dropdown-cont\" id=\"special_filter\">\n                        <\/div>\n                      <\/div>\n                  <\/div>\n                                                      <div class=\"pol-lg-4 pol-md-6 pol-sm-12 range_filter asl-ddl-filters hide\">\n                      <div class=\"rangeFilter asl-filter-cntrl\">\n                        <label class=\"asl-cntrl-lbl\">Distance Range<\/label>\n                        <input id=\"asl-radius-slide\" type=\"text\" class=\"span2\" \/>\n                        <span class=\"rad-unit\">Rayon: <span id=\"asl-radius-input\"><\/span> <span id=\"asl-dist-unit\">KM<\/span><\/span>\n                      <\/div>\n                  <\/div>\n                  <div class=\"pol-lg-2 pol-md-3 pol-sm-12 Status_filter\">\n                      <div class=\"asl-filter-cntrl\">\n                        <label class=\"asl-cntrl-lbl\">Statut<\/label>\n                        <div class=\"onoffswitch\">\n                          <input type=\"checkbox\" name=\"onoffswitch\" class=\"onoffswitch-checkbox\" id=\"asl-open-close\" checked>\n                          <label class=\"onoffswitch-label\" for=\"asl-open-close\">\n                              <span class=\"onoffswitch-inner\"><\/span>\n                              <span class=\"onoffswitch-switch\"><\/span>\n                          <\/label>\n                        <\/div>\n                      <\/div>\n                  <\/div>\n                <\/div>\n              <\/div>\n            <\/div>\n          <\/div>\n      <\/div>\n            <div class=\"sl-row\">\n        <div class=\"pol-12\">\n            <div class=\"sl-main-cont\">\n                <div class=\"sl-row no-gutters sl-main-row\">\n                    <div id=\"asl-panel\" class=\"asl-panel pol-md-5 pol-lg-4 asl_locator-panel\">\n                        <div class=\"asl-overlay\" id=\"map-loading\">\n                            <div class=\"white\"><\/div>\n                            <div class=\"sl-loading\">\n                              <i class=\"animate-sl-spin icon-spin3\"><\/i>\n                              Chargement...                            <\/div>\n                        <\/div>\n                                                <!-- list -->\n                        <div class=\"asl-panel-inner\">\n                            <div class=\"top-title Num_of_store\">\n                              <span>Nombre d'artisans : <span class=\"count-result\">0<\/span><\/span>\n                              <a class=\"asl-print-btn\"><span>PRINT<\/span><span class=\"asl-print\"><\/span><\/a>\n                            <\/div>\n                            <div class=\"sl-main-cont-box\">\n                              <div id=\"asl-list\" class=\"sl-list-wrapper\">\n                                <ul id=\"p-statelist\" class=\"sl-list\">\n                                <\/ul>\n                              <\/div>\n                            <\/div>\n                        <\/div>\n\n                        <div class=\"directions-cont hide\">\n                            <div class=\"agile-modal-header\">\n                                <button type=\"button\" class=\"close\"><span aria-hidden=\"true\">\u00d7<\/span><\/button>\n                                <h4>Store Direction<\/h4>\n                            <\/div>\n                            <div class=\"rendered-directions\" id=\"asl-rendered-dir\" style=\"direction: ltr;\"><\/div>\n                        <\/div>\n                    <\/div>\n                    <div class=\"pol-md-7 pol-lg-8 asl-map\">\n                        <div class=\"map-image\">\n                            <div id=\"asl-map-canv\" class=\"asl-map-canv\"><\/div>\n                            <div id=\"agile-modal-direction\" class=\"agile-modal fade\">\n    <div class=\"agile-modal-backdrop-in\"><\/div>\n    <div class=\"agile-modal-dialog in\">\n        <div class=\"agile-modal-content\">\n            <div class=\"sl-form-group d-flex justify-content-between\">\n                <h4>Get Your Directions<\/h4>\n                <button type=\"button\" class=\"close-directions sl-close\" data-dismiss=\"agile-modal\" aria-label=\"Close\">&times;<\/button>\n            <\/div>\n            <div class=\"sl-form-group\">\n                <label for=\"frm-lbl\">De:<\/label>\n                <input type=\"text\" class=\"form-control frm-place\" id=\"frm-lbl\" placeholder=\"Saisissez un lieu\">\n            <\/div>\n            <div class=\"sl-form-group\">\n                <label for=\"frm-lbl\">\u00c0:<\/label>\n                <input readonly=\"true\" type=\"text\"  class=\"directions-to form-control\" id=\"to-lbl\" placeholder=\"Prepopulated Destination Address\">\n            <\/div>\n            <div class=\"sl-form-group mb-0\">\n                <label class=\"checkbox-inline\">\n                    <input type=\"radio\" name=\"dist-type\"  id=\"rbtn-km\" value=\"0\"> KM                <\/label>\n                <label class=\"checkbox-inline\">\n                    <input type=\"radio\" name=\"dist-type\" checked id=\"rbtn-mile\" value=\"1\"> Mile                <\/label>\n            <\/div>\n            <div class=\"sl-form-group mb-0\">\n                <button type=\"submit\" class=\"btn btn-default btn-submit\">OBTENIR DES DIRECTIONS<\/button>\n            <\/div>\n        <\/div>\n    <\/div>\n<\/div>\n\n<div id=\"asl-geolocation-agile-modal\" class=\"agile-modal fade\">\n  <div class=\"agile-modal-backdrop-in\"><\/div>\n  <div class=\"agile-modal-dialog in\">\n    <div class=\"agile-modal-content\">\n            <div class=\"sl-form-group d-flex justify-content-between\">\n        <h5>Utiliser mon emplacement pour trouver le fournisseur de services le plus pr\u00e8s de moi<\/h5>\n        <button type=\"button\" class=\"close-directions sl-close\" data-dismiss=\"agile-modal\" aria-label=\"Close\" aria-hidden=\"true\">&times;<\/button>\n      <\/div>\n      <div class=\"sl-form-group text-center mb-0\">\n        <button type=\"button\" id=\"asl-btn-geolocation\" class=\"btn btn-block btn-default\">UTILISATION LOCATION<\/button>\n      <\/div>\n          <\/div>\n  <\/div>\n<\/div>\n\n<div id=\"asl-desc-agile-modal\" class=\"agile-modal fade\">\n  <div class=\"agile-modal-backdrop-in\"><\/div>\n  <div class=\"agile-modal-dialog in\">\n    <div class=\"agile-modal-content\">\n      <div class=\"sl-row\">\n        <div class=\"pol-md-12\">\n          <div class=\"sl-form-group d-flex justify-content-between\">\n            <h4 class=\"sl-title\"><\/h4>\n            <button type=\"button\" class=\"close-directions sl-close\" data-dismiss=\"agile-modal\" aria-label=\"Close\">&times;<\/button>\n          <\/div>\n          <p class=\"sl-desc\"><\/p>\n        <\/div>\n      <\/div>\n    <\/div>\n  <\/div>\n<\/div>                        <\/div>\n                    <\/div>\n                <\/div>\n            <\/div>\n        <\/div>\n      <\/div>\n    <\/div>\n  <\/div>\n<\/div>\n<!-- This plugin is developed by \"Agile Store Locator for WordPress\" https:\/\/agilestorelocator.com -->\n\r\n[\/vc_column_text][\/vc_column][\/vc_row]<\/div>","protected":false},"excerpt":{"rendered":"<p>[vc_row][vc_column][vc_column_text] [\/vc_column_text][\/vc_column][\/vc_row]<\/p>\n","protected":false},"author":1024,"featured_media":0,"parent":0,"menu_order":0,"comment_status":"closed","ping_status":"closed","template":"","meta":{"footnotes":""},"class_list":["post-213","page","type-page","status-publish","hentry","entry","no-media"],"yoast_head":"<!-- This site is optimized with the Yoast SEO plugin v25.5 - https:\/\/yoast.com\/wordpress\/plugins\/seo\/ -->\n<title>Localiser un artisan - R\u00e9no sur mesure<\/title>\n<meta name=\"robots\" content=\"noindex, nofollow\" \/>\n<meta property=\"og:locale\" content=\"fr_FR\" \/>\n<meta property=\"og:type\" content=\"article\" \/>\n<meta property=\"og:title\" content=\"Localiser un artisan - R\u00e9no sur mesure\" \/>\n<meta property=\"og:description\" content=\"[vc_row][vc_column][vc_column_text] [\/vc_column_text][\/vc_column][\/vc_row]\" \/>\n<meta property=\"og:url\" content=\"https:\/\/www.renovart-ouvertures.fr\/landings\/localiser-un-artisan\/\" \/>\n<meta property=\"og:site_name\" content=\"R\u00e9no sur mesure\" \/>\n<meta property=\"article:modified_time\" content=\"2025-04-18T10:43:56+00:00\" \/>\n<meta name=\"twitter:card\" content=\"summary_large_image\" \/>\n<meta name=\"twitter:label1\" content=\"Dur\u00e9e de lecture estim\u00e9e\" \/>\n\t<meta name=\"twitter:data1\" content=\"1 minute\" \/>\n<script type=\"application\/ld+json\" class=\"yoast-schema-graph\">{\"@context\":\"https:\/\/schema.org\",\"@graph\":[{\"@type\":\"WebPage\",\"@id\":\"https:\/\/www.renovart-ouvertures.fr\/landings\/localiser-un-artisan\/\",\"url\":\"https:\/\/www.renovart-ouvertures.fr\/landings\/localiser-un-artisan\/\",\"name\":\"Localiser un artisan - R\u00e9no sur mesure\",\"isPartOf\":{\"@id\":\"https:\/\/www.renovart-ouvertures.fr\/landings\/#website\"},\"datePublished\":\"2022-08-01T13:48:12+00:00\",\"dateModified\":\"2025-04-18T10:43:56+00:00\",\"breadcrumb\":{\"@id\":\"https:\/\/www.renovart-ouvertures.fr\/landings\/localiser-un-artisan\/#breadcrumb\"},\"inLanguage\":\"fr-FR\",\"potentialAction\":[{\"@type\":\"ReadAction\",\"target\":[\"https:\/\/www.renovart-ouvertures.fr\/landings\/localiser-un-artisan\/\"]}]},{\"@type\":\"BreadcrumbList\",\"@id\":\"https:\/\/www.renovart-ouvertures.fr\/landings\/localiser-un-artisan\/#breadcrumb\",\"itemListElement\":[{\"@type\":\"ListItem\",\"position\":1,\"name\":\"Accueil\",\"item\":\"https:\/\/www.renovart-ouvertures.fr\/landings\/\"},{\"@type\":\"ListItem\",\"position\":2,\"name\":\"Localiser un artisan\"}]},{\"@type\":\"WebSite\",\"@id\":\"https:\/\/www.renovart-ouvertures.fr\/landings\/#website\",\"url\":\"https:\/\/www.renovart-ouvertures.fr\/landings\/\",\"name\":\"R\u00e9no sur mesure\",\"description\":\"Vos fen\u00eatres, volets et portes sur-mesure, pos\u00e9s par des professionnels qualifi\u00e9s\",\"publisher\":{\"@id\":\"https:\/\/www.renovart-ouvertures.fr\/landings\/#organization\"},\"potentialAction\":[{\"@type\":\"SearchAction\",\"target\":{\"@type\":\"EntryPoint\",\"urlTemplate\":\"https:\/\/www.renovart-ouvertures.fr\/landings\/?s={search_term_string}\"},\"query-input\":{\"@type\":\"PropertyValueSpecification\",\"valueRequired\":true,\"valueName\":\"search_term_string\"}}],\"inLanguage\":\"fr-FR\"},{\"@type\":\"Organization\",\"@id\":\"https:\/\/www.renovart-ouvertures.fr\/landings\/#organization\",\"name\":\"R\u00e9no sur mesure\",\"url\":\"https:\/\/www.renovart-ouvertures.fr\/landings\/\",\"logo\":{\"@type\":\"ImageObject\",\"inLanguage\":\"fr-FR\",\"@id\":\"https:\/\/www.renovart-ouvertures.fr\/landings\/#\/schema\/logo\/image\/\",\"url\":\"https:\/\/www.renovart-ouvertures.fr\/landings\/wp-content\/uploads\/2024\/06\/logo_renovart-1.png\",\"contentUrl\":\"https:\/\/www.renovart-ouvertures.fr\/landings\/wp-content\/uploads\/2024\/06\/logo_renovart-1.png\",\"width\":522,\"height\":209,\"caption\":\"R\u00e9no sur mesure\"},\"image\":{\"@id\":\"https:\/\/www.renovart-ouvertures.fr\/landings\/#\/schema\/logo\/image\/\"}}]}<\/script>\n<!-- \/ Yoast SEO plugin. -->","yoast_head_json":{"title":"Localiser un artisan - R\u00e9no sur mesure","robots":{"index":"noindex","follow":"nofollow"},"og_locale":"fr_FR","og_type":"article","og_title":"Localiser un artisan - R\u00e9no sur mesure","og_description":"[vc_row][vc_column][vc_column_text] [\/vc_column_text][\/vc_column][\/vc_row]","og_url":"https:\/\/www.renovart-ouvertures.fr\/landings\/localiser-un-artisan\/","og_site_name":"R\u00e9no sur mesure","article_modified_time":"2025-04-18T10:43:56+00:00","twitter_card":"summary_large_image","twitter_misc":{"Dur\u00e9e de lecture estim\u00e9e":"1 minute"},"schema":{"@context":"https:\/\/schema.org","@graph":[{"@type":"WebPage","@id":"https:\/\/www.renovart-ouvertures.fr\/landings\/localiser-un-artisan\/","url":"https:\/\/www.renovart-ouvertures.fr\/landings\/localiser-un-artisan\/","name":"Localiser un artisan - R\u00e9no sur mesure","isPartOf":{"@id":"https:\/\/www.renovart-ouvertures.fr\/landings\/#website"},"datePublished":"2022-08-01T13:48:12+00:00","dateModified":"2025-04-18T10:43:56+00:00","breadcrumb":{"@id":"https:\/\/www.renovart-ouvertures.fr\/landings\/localiser-un-artisan\/#breadcrumb"},"inLanguage":"fr-FR","potentialAction":[{"@type":"ReadAction","target":["https:\/\/www.renovart-ouvertures.fr\/landings\/localiser-un-artisan\/"]}]},{"@type":"BreadcrumbList","@id":"https:\/\/www.renovart-ouvertures.fr\/landings\/localiser-un-artisan\/#breadcrumb","itemListElement":[{"@type":"ListItem","position":1,"name":"Accueil","item":"https:\/\/www.renovart-ouvertures.fr\/landings\/"},{"@type":"ListItem","position":2,"name":"Localiser un artisan"}]},{"@type":"WebSite","@id":"https:\/\/www.renovart-ouvertures.fr\/landings\/#website","url":"https:\/\/www.renovart-ouvertures.fr\/landings\/","name":"R\u00e9no sur mesure","description":"Vos fen\u00eatres, volets et portes sur-mesure, pos\u00e9s par des professionnels qualifi\u00e9s","publisher":{"@id":"https:\/\/www.renovart-ouvertures.fr\/landings\/#organization"},"potentialAction":[{"@type":"SearchAction","target":{"@type":"EntryPoint","urlTemplate":"https:\/\/www.renovart-ouvertures.fr\/landings\/?s={search_term_string}"},"query-input":{"@type":"PropertyValueSpecification","valueRequired":true,"valueName":"search_term_string"}}],"inLanguage":"fr-FR"},{"@type":"Organization","@id":"https:\/\/www.renovart-ouvertures.fr\/landings\/#organization","name":"R\u00e9no sur mesure","url":"https:\/\/www.renovart-ouvertures.fr\/landings\/","logo":{"@type":"ImageObject","inLanguage":"fr-FR","@id":"https:\/\/www.renovart-ouvertures.fr\/landings\/#\/schema\/logo\/image\/","url":"https:\/\/www.renovart-ouvertures.fr\/landings\/wp-content\/uploads\/2024\/06\/logo_renovart-1.png","contentUrl":"https:\/\/www.renovart-ouvertures.fr\/landings\/wp-content\/uploads\/2024\/06\/logo_renovart-1.png","width":522,"height":209,"caption":"R\u00e9no sur mesure"},"image":{"@id":"https:\/\/www.renovart-ouvertures.fr\/landings\/#\/schema\/logo\/image\/"}}]}},"_links":{"self":[{"href":"https:\/\/www.renovart-ouvertures.fr\/landings\/wp-json\/wp\/v2\/pages\/213","targetHints":{"allow":["GET"]}}],"collection":[{"href":"https:\/\/www.renovart-ouvertures.fr\/landings\/wp-json\/wp\/v2\/pages"}],"about":[{"href":"https:\/\/www.renovart-ouvertures.fr\/landings\/wp-json\/wp\/v2\/types\/page"}],"author":[{"embeddable":true,"href":"https:\/\/www.renovart-ouvertures.fr\/landings\/wp-json\/wp\/v2\/users\/1024"}],"replies":[{"embeddable":true,"href":"https:\/\/www.renovart-ouvertures.fr\/landings\/wp-json\/wp\/v2\/comments?post=213"}],"version-history":[{"count":7,"href":"https:\/\/www.renovart-ouvertures.fr\/landings\/wp-json\/wp\/v2\/pages\/213\/revisions"}],"predecessor-version":[{"id":1619,"href":"https:\/\/www.renovart-ouvertures.fr\/landings\/wp-json\/wp\/v2\/pages\/213\/revisions\/1619"}],"wp:attachment":[{"href":"https:\/\/www.renovart-ouvertures.fr\/landings\/wp-json\/wp\/v2\/media?parent=213"}],"curies":[{"name":"wp","href":"https:\/\/api.w.org\/{rel}","templated":true}]}}