{"id":73925,"date":"2021-04-02T10:32:24","date_gmt":"2021-04-02T08:32:24","guid":{"rendered":"https:\/\/www.renovart-ouvertures.fr\/boutique\/produit\/porte-dentree-aluminium-sur-mesure-zenitude-6\/"},"modified":"2021-06-30T14:48:58","modified_gmt":"2021-06-30T12:48:58","slug":"porte-dentree-aluminium-sur-mesure-zenitude-6","status":"publish","type":"product","link":"https:\/\/www.renovart-ouvertures.fr\/boutique\/produit\/produits-sur-mesure\/portes-dentree-sur-mesure\/porte-dentree-aluminium-sur-mesure-zenitude-6\/","title":{"rendered":"Porte d&#8217;entr\u00e9e Aluminium sur-mesure &#8211; Z\u00e9nitude 6"},"content":{"rendered":"","protected":false},"excerpt":{"rendered":"<p>Configurez votre porte d&#8217;entr\u00e9e sur-mesure !<\/p>\n<p>Les dimensions pr\u00e9cises vous seront demand\u00e9es lors d&#8217;une validation technique par t\u00e9l\u00e9phone (ou lors du m\u00e9tr\u00e9 si vous choisissez cette option lors du passage de commande)<\/p>\n[gallery link=\"none\" ids=\"125654,163797\"]\n","protected":false},"featured_media":75801,"comment_status":"open","ping_status":"closed","template":"","meta":[],"product_cat":[423],"product_tag":[],"class_list":["post-73925","product","type-product","status-publish","has-post-thumbnail","hentry","product_cat-portes-dentree-sur-mesure"],"composite_layout":"paged","composite_add_to_cart_form_location":"after_summary","composite_editable_in_cart":true,"composite_sold_individually_context":"product","composite_shop_price_calc":"defaults","composite_components":[{"id":"1617720151","title":"Caract\u00e9ristiques principales","description":"","query_type":"product_ids","query_ids":[69121],"default_option_id":69121,"thumbnail_id":"","thumbnail_src":"","quantity_min":1,"quantity_max":1,"priced_individually":true,"shipped_individually":true,"optional":false,"discount":"","options_style":"dropdowns","pagination_style":"classic","display_prices":"absolute","show_sorting_options":false,"show_filtering_options":false,"attribute_filter_ids":[],"product_title_visible":false,"product_descr_visible":true,"product_price_visible":true,"product_thumb_visible":false,"subtotal_visible_product":true,"subtotal_visible_cart":true,"subtotal_visible_orders":true},{"id":"1617720152","title":"Personnalisation","description":"","query_type":"product_ids","query_ids":[71083],"default_option_id":71083,"thumbnail_id":"","thumbnail_src":"","quantity_min":1,"quantity_max":1,"priced_individually":true,"shipped_individually":true,"optional":false,"discount":"","options_style":"dropdowns","pagination_style":"classic","display_prices":"absolute","show_sorting_options":false,"show_filtering_options":false,"attribute_filter_ids":[],"product_title_visible":false,"product_descr_visible":true,"product_price_visible":true,"product_thumb_visible":false,"subtotal_visible_product":true,"subtotal_visible_cart":true,"subtotal_visible_orders":true},{"id":"1617720153","title":"Personnalisation","description":"","query_type":"product_ids","query_ids":[71084],"default_option_id":71084,"thumbnail_id":"","thumbnail_src":"","quantity_min":1,"quantity_max":1,"priced_individually":true,"shipped_individually":true,"optional":false,"discount":"","options_style":"dropdowns","pagination_style":"classic","display_prices":"absolute","show_sorting_options":false,"show_filtering_options":false,"attribute_filter_ids":[],"product_title_visible":false,"product_descr_visible":true,"product_price_visible":true,"product_thumb_visible":false,"subtotal_visible_product":true,"subtotal_visible_cart":true,"subtotal_visible_orders":true},{"id":"1617720154","title":"Options","description":"","query_type":"product_ids","query_ids":[71085],"default_option_id":71085,"thumbnail_id":"","thumbnail_src":"","quantity_min":1,"quantity_max":1,"priced_individually":true,"shipped_individually":true,"optional":false,"discount":"","options_style":"dropdowns","pagination_style":"classic","display_prices":"absolute","show_sorting_options":false,"show_filtering_options":false,"attribute_filter_ids":[],"product_title_visible":false,"product_descr_visible":true,"product_price_visible":true,"product_thumb_visible":false,"subtotal_visible_product":true,"subtotal_visible_cart":true,"subtotal_visible_orders":true}],"composite_scenarios":[{"id":"1617729416","name":"Coloris Monocolore","description":"","configuration":[{"component_id":"1617720151","component_options":[70652,70653,70654,70655,70656,70657,70658,70659],"options_modifier":"not-in"},{"component_id":"1617720152","component_options":[0],"options_modifier":"masked"},{"component_id":"1617720153","component_options":[0],"options_modifier":"masked"},{"component_id":"1617720154","component_options":[0],"options_modifier":"masked"}],"actions":[{"action_id":"compat_group","is_active":true,"action_data":[]},{"action_id":"conditional_components","is_active":true,"action_data":{"hidden_components":["1617720152"]}}],"enabled":true},{"id":"1617729417","name":"Coloris Bicolore","description":"","configuration":[{"component_id":"1617720151","component_options":[70660,70661,70662,70663,70664,70665,70666,70667],"options_modifier":"not-in"},{"component_id":"1617720152","component_options":[0],"options_modifier":"masked"},{"component_id":"1617720153","component_options":[0],"options_modifier":"masked"},{"component_id":"1617720154","component_options":[0],"options_modifier":"masked"}],"actions":[{"action_id":"compat_group","is_active":true,"action_data":[]},{"action_id":"conditional_components","is_active":true,"action_data":{"hidden_components":["1617720153"]}}],"enabled":true}],"_links":{"self":[{"href":"https:\/\/www.renovart-ouvertures.fr\/boutique\/wp-json\/wp\/v2\/product\/73925","targetHints":{"allow":["GET"]}}],"collection":[{"href":"https:\/\/www.renovart-ouvertures.fr\/boutique\/wp-json\/wp\/v2\/product"}],"about":[{"href":"https:\/\/www.renovart-ouvertures.fr\/boutique\/wp-json\/wp\/v2\/types\/product"}],"replies":[{"embeddable":true,"href":"https:\/\/www.renovart-ouvertures.fr\/boutique\/wp-json\/wp\/v2\/comments?post=73925"}],"wp:featuredmedia":[{"embeddable":true,"href":"https:\/\/www.renovart-ouvertures.fr\/boutique\/wp-json\/wp\/v2\/media\/75801"}],"wp:attachment":[{"href":"https:\/\/www.renovart-ouvertures.fr\/boutique\/wp-json\/wp\/v2\/media?parent=73925"}],"wp:term":[{"taxonomy":"product_cat","embeddable":true,"href":"https:\/\/www.renovart-ouvertures.fr\/boutique\/wp-json\/wp\/v2\/product_cat?post=73925"},{"taxonomy":"product_tag","embeddable":true,"href":"https:\/\/www.renovart-ouvertures.fr\/boutique\/wp-json\/wp\/v2\/product_tag?post=73925"}],"curies":[{"name":"wp","href":"https:\/\/api.w.org\/{rel}","templated":true}]}}