{"id":73922,"date":"2021-04-02T10:32:24","date_gmt":"2021-04-02T08:32:24","guid":{"rendered":"https:\/\/www.renovart-ouvertures.fr\/boutique\/produit\/porte-dentree-aluminium-sur-mesure-zenitude-3\/"},"modified":"2021-06-30T14:48:57","modified_gmt":"2021-06-30T12:48:57","slug":"porte-dentree-aluminium-sur-mesure-zenitude-3","status":"publish","type":"product","link":"https:\/\/www.renovart-ouvertures.fr\/boutique\/produit\/produits-sur-mesure\/portes-dentree-sur-mesure\/porte-dentree-aluminium-sur-mesure-zenitude-3\/","title":{"rendered":"Porte d&#8217;entr\u00e9e Aluminium sur-mesure &#8211; Z\u00e9nitude 3"},"content":{"rendered":"<p><span style=\"text-decoration: underline;\">Porte d&rsquo;entr&eacute;e<\/span>&nbsp;: Aluminium Mod&egrave;le Z&eacute;nitude 3. Fabrication fran&ccedil;aise<\/p>\n<p><span style=\"text-decoration: underline;\">Dormant (cadre) <\/span>: Profil de 52mm d&rsquo;&eacute;paisseur &eacute;quip&eacute; d&rsquo;une rupture de pont thermique<\/p>\n<p><span style=\"text-decoration: underline;\">Ouvrant (vantail)<\/span> : Panneau monobloc d&rsquo;&eacute;paisseur 81mm (parmi les plus performants du march&eacute;) constitu&eacute; d&rsquo;une &acirc;me de mousse isolante (densit&eacute; de 30kg\/m<sup>3<\/sup>), d&rsquo;une structure en nid d&rsquo;abeille (pour emp&ecirc;cher l&rsquo;effet &laquo;&nbsp;bilame&nbsp;&raquo; d&ucirc; &agrave; la dilation du panneau lors de fortes chaleurs) et de 2 t&ocirc;les de finition aluminium de part et d&rsquo;autre<\/p>\n<p><span style=\"text-decoration: underline;\">Articulation<\/span> : Paumelles intensives inox &agrave; clamer&nbsp;(tenue jusqu&rsquo;&agrave; 140 kg\/ouvrant)<\/p>\n<p><span style=\"text-decoration: underline;\">S&eacute;curit&eacute;<\/span> : Triple vitrage feuillett&eacute; de part et d&rsquo;autre SP10\/4\/SP10 FE gaz argon avec verre aspect sabl&eacute;. Niveau de s&eacute;curit&eacute; P5A selon la norme EN 356. R&eacute;sistance &agrave; 9 impacts d&rsquo;une bille en acier de 4 kg l&acirc;ch&eacute;e de 9 m&egrave;tres de hauteur. Protection optimale contre le vandalisme. Condamnation par serrure &agrave; crochets 5 points&nbsp;: s&eacute;curit&eacute; optimale avec les crochets qui emp&ecirc;chent le d&eacute;gondage (anti-soul&egrave;vement) lors de tentative d&rsquo;effraction. Barillet 5 clefs (pour toute la famille) avec carte de propri&eacute;t&eacute;&nbsp;: protection contre la reproduction frauduleuse de vos clefs<\/p>\n<p><span style=\"text-decoration: underline;\">&Eacute;tanch&eacute;it&eacute;<\/span> : Joint p&eacute;riph&eacute;rique sur dormant et ouvrant + rejet d&rsquo;eau sous l&rsquo;ouvrant avec joint brosse<\/p>\n<p><span style=\"text-decoration: underline;\">Isolation<\/span> : Cadre ouvrant d&rsquo;&eacute;paisseur 81mm isol&eacute; par une rupture de pont thermique (barettage polyamide) + &acirc;me en mousse isolante haute densit&eacute; et nid d&rsquo;abeille. Triple vitrage isolant avec traitement de faible &eacute;missivit&eacute;, gaz arogn et intercalaires isolant warmedge&nbsp;entre les verres.<\/p>\n<p><span style=\"text-decoration: underline;\">Esth&eacute;tique<\/span> : Finitions et d&eacute;cors sur les 2 faces (int&eacute;rieur et ext&eacute;rieur). Inserts en inox affleurants au panneau<\/p>\n<p><span style=\"text-decoration: underline;\">Confort d&#8217;utilisation<\/span> : Seuil en aluminium de 20mm permettant de faciliter le passage entre l&#8217;int&eacute;rieur et l&#8217;ext&eacute;rieur de l&#8217;habitation<\/p>\n<p><span style=\"text-decoration: underline;\">Types de pose<\/span> : R&eacute;novation sur dormant (cadre) existant. Pour une d&eacute;pose totale de l&rsquo;ancien dormant : contactez-nous<\/p>\n<p><span style=\"text-decoration: underline;\">Prestations incluses<\/span> : Prise de contact t&eacute;l&eacute;phonique pour validation technique (c&ocirc;t&eacute; de la poign&eacute;e, etc.) + livraison<\/p>\n<p><span style=\"text-decoration: underline;\">TVA<\/span>&nbsp;: 20%<\/p>\n","protected":false},"excerpt":{"rendered":"<p>Configurez votre porte d&#8217;entr\u00e9e sur-mesure !<\/p>\n<p>Les dimensions pr\u00e9cises vous seront demand\u00e9es lors d&#8217;une validation technique par t\u00e9l\u00e9phone (ou lors du m\u00e9tr\u00e9 si vous choisissez cette option lors du passage de commande)<\/p>\n[gallery link=\"none\" ids=\"125654,163797\"]\n","protected":false},"featured_media":75798,"comment_status":"open","ping_status":"closed","template":"","meta":[],"product_cat":[423],"product_tag":[],"class_list":["post-73922","product","type-product","status-publish","has-post-thumbnail","hentry","product_cat-portes-dentree-sur-mesure"],"composite_layout":"paged","composite_add_to_cart_form_location":"after_summary","composite_editable_in_cart":true,"composite_sold_individually_context":"product","composite_shop_price_calc":"defaults","composite_components":[{"id":"1617720151","title":"Caract\u00e9ristiques principales","description":"","query_type":"product_ids","query_ids":[69118],"default_option_id":69118,"thumbnail_id":"","thumbnail_src":"","quantity_min":1,"quantity_max":1,"priced_individually":true,"shipped_individually":true,"optional":false,"discount":"","options_style":"dropdowns","pagination_style":"classic","display_prices":"absolute","show_sorting_options":false,"show_filtering_options":false,"attribute_filter_ids":[],"product_title_visible":false,"product_descr_visible":true,"product_price_visible":true,"product_thumb_visible":false,"subtotal_visible_product":true,"subtotal_visible_cart":true,"subtotal_visible_orders":true},{"id":"1617720152","title":"Personnalisation","description":"","query_type":"product_ids","query_ids":[71083],"default_option_id":71083,"thumbnail_id":"","thumbnail_src":"","quantity_min":1,"quantity_max":1,"priced_individually":true,"shipped_individually":true,"optional":false,"discount":"","options_style":"dropdowns","pagination_style":"classic","display_prices":"absolute","show_sorting_options":false,"show_filtering_options":false,"attribute_filter_ids":[],"product_title_visible":false,"product_descr_visible":true,"product_price_visible":true,"product_thumb_visible":false,"subtotal_visible_product":true,"subtotal_visible_cart":true,"subtotal_visible_orders":true},{"id":"1617720153","title":"Personnalisation","description":"","query_type":"product_ids","query_ids":[71084],"default_option_id":71084,"thumbnail_id":"","thumbnail_src":"","quantity_min":1,"quantity_max":1,"priced_individually":true,"shipped_individually":true,"optional":false,"discount":"","options_style":"dropdowns","pagination_style":"classic","display_prices":"absolute","show_sorting_options":false,"show_filtering_options":false,"attribute_filter_ids":[],"product_title_visible":false,"product_descr_visible":true,"product_price_visible":true,"product_thumb_visible":false,"subtotal_visible_product":true,"subtotal_visible_cart":true,"subtotal_visible_orders":true},{"id":"1617720154","title":"Options","description":"","query_type":"product_ids","query_ids":[71085],"default_option_id":71085,"thumbnail_id":"","thumbnail_src":"","quantity_min":1,"quantity_max":1,"priced_individually":true,"shipped_individually":true,"optional":false,"discount":"","options_style":"dropdowns","pagination_style":"classic","display_prices":"absolute","show_sorting_options":false,"show_filtering_options":false,"attribute_filter_ids":[],"product_title_visible":false,"product_descr_visible":true,"product_price_visible":true,"product_thumb_visible":false,"subtotal_visible_product":true,"subtotal_visible_cart":true,"subtotal_visible_orders":true}],"composite_scenarios":[{"id":"1617728794","name":"Coloris Monocolore","description":"","configuration":[{"component_id":"1617720151","component_options":[70551,70552,70553,70554,70555,70556,70557,70558],"options_modifier":"not-in"},{"component_id":"1617720152","component_options":[0],"options_modifier":"masked"},{"component_id":"1617720153","component_options":[0],"options_modifier":"masked"},{"component_id":"1617720154","component_options":[0],"options_modifier":"masked"}],"actions":[{"action_id":"compat_group","is_active":true,"action_data":[]},{"action_id":"conditional_components","is_active":true,"action_data":{"hidden_components":["1617720152"]}}],"enabled":true},{"id":"1617728795","name":"Coloris Bicolore","description":"","configuration":[{"component_id":"1617720151","component_options":[70559,70560,70561,70562,70563,70564,70565,70566],"options_modifier":"not-in"},{"component_id":"1617720152","component_options":[0],"options_modifier":"masked"},{"component_id":"1617720153","component_options":[0],"options_modifier":"masked"},{"component_id":"1617720154","component_options":[0],"options_modifier":"masked"}],"actions":[{"action_id":"compat_group","is_active":true,"action_data":[]},{"action_id":"conditional_components","is_active":true,"action_data":{"hidden_components":["1617720153"]}}],"enabled":true}],"_links":{"self":[{"href":"https:\/\/www.renovart-ouvertures.fr\/boutique\/wp-json\/wp\/v2\/product\/73922","targetHints":{"allow":["GET"]}}],"collection":[{"href":"https:\/\/www.renovart-ouvertures.fr\/boutique\/wp-json\/wp\/v2\/product"}],"about":[{"href":"https:\/\/www.renovart-ouvertures.fr\/boutique\/wp-json\/wp\/v2\/types\/product"}],"replies":[{"embeddable":true,"href":"https:\/\/www.renovart-ouvertures.fr\/boutique\/wp-json\/wp\/v2\/comments?post=73922"}],"wp:featuredmedia":[{"embeddable":true,"href":"https:\/\/www.renovart-ouvertures.fr\/boutique\/wp-json\/wp\/v2\/media\/75798"}],"wp:attachment":[{"href":"https:\/\/www.renovart-ouvertures.fr\/boutique\/wp-json\/wp\/v2\/media?parent=73922"}],"wp:term":[{"taxonomy":"product_cat","embeddable":true,"href":"https:\/\/www.renovart-ouvertures.fr\/boutique\/wp-json\/wp\/v2\/product_cat?post=73922"},{"taxonomy":"product_tag","embeddable":true,"href":"https:\/\/www.renovart-ouvertures.fr\/boutique\/wp-json\/wp\/v2\/product_tag?post=73922"}],"curies":[{"name":"wp","href":"https:\/\/api.w.org\/{rel}","templated":true}]}}