{"id":325547,"date":"2022-05-31T12:34:48","date_gmt":"2022-05-31T10:34:48","guid":{"rendered":"https:\/\/www.renovart-ouvertures.fr\/boutique\/produit\/non%20class\u00e9\/volet-battant-1-vantail-sur-mesure-lames-ajourees-a-lamericaine-bois-renovation-pose-comprise\/"},"modified":"2022-06-01T14:16:58","modified_gmt":"2022-06-01T12:16:58","slug":"volet-battant-1-vantail-sur-mesure-lames-ajourees-a-lamericaine-bois-renovation-pose-comprise","status":"publish","type":"product","link":"https:\/\/www.renovart-ouvertures.fr\/boutique\/produit\/produits-sur-mesure\/volets-battants-sur-mesure\/volets-battants-bois-sur-mesure-renovation-pose-comprise\/volet-battant-1-vantail-sur-mesure-lames-ajourees-a-lamericaine-bois-renovation-pose-comprise\/","title":{"rendered":"Volet battant 1 vantail sur-mesure &#8211; Lames ajour\u00e9es \u00e0 l&#8217;am\u00e9ricaine &#8211; Bois laqu\u00e9 &#8211; R\u00e9novation &#8211; Pose comprise"},"content":{"rendered":"<p><u>Volet battant<\/u> : BOIS mod\u00e8le Lames ajour\u00e9es \u00e0 l\u2019am\u00e9ricaine &#8211; 1 vantail<\/p>\n<p><u>Composition<\/u> : Cadre en BOIS assembl\u00e9 par tenons\/mortaises de section 90mm x 34mm d\u2019\u00e9paisseur<\/p>\n<p><u>Essence<\/u> : Bois exotique rouge (Palapi ou Mengkulang), densit\u00e9 700kg\/m<sup>3<\/sup><\/p>\n<p><u>Traitement<\/u> : Ecologique et novateur sans solvant, adapt\u00e9 \u00e0 la destination du volet battant. Protection contre le risque d\u2019exposition de niveau 3 du volet battant (Classe 3A).<br \/>\nGarantie 10 ans contre les insectes (notamment les termites), les champignons et les moisissures (sous r\u00e9serve de l\u2019application imm\u00e9diate d\u2019une finition appropri\u00e9e selon DTU 59-1 et du maintien permanent en bon \u00e9tat du produit)<\/p>\n<p><u>Finition<\/u> : 2 couches de finition avec \u00e9grenage entre les couches, dont 1 couche avant assemblage (Garantie 2 ans)<\/p>\n<p><u>Esth\u00e9tique<\/u> : Pentures \u00e9querres c\u00f4t\u00e9 ext\u00e9rieur. 1 traverse interm\u00e9diaire + 3 ferrages par vantail pour une hauteur sup\u00e9rieure \u00e0 1800mm<\/p>\n<p><u>Quincaillerie<\/u> : Sans entretien. Coloris noir. Pentures, espagnolette et poign\u00e9e en aluminium, arr\u00eats de vent et but\u00e9es en composite, gonds pour scellement chimique avec tamis<\/p>\n<p><u>Types de pose<\/u> : En tableau, applique ou feuillure (\u00e0 d\u00e9terminer lors de la validation technique)<\/p>\n<p><u>Prestations incluses<\/u> : Prise de contact t\u00e9l\u00e9phonique + visite technique sur RDV pour validation (sens d\u2019ouverture, hauteur de poign\u00e9e, etc.) + livraison + installation sur RDV r\u00e9alis\u00e9e par un intervenant agr\u00e9\u00e9<\/p>\n<p><u>TVA<\/u> : 10%<\/p>\n","protected":false},"excerpt":{"rendered":"<p>Configurez votre volet battant 1 vantail en bois <strong>laqu\u00e9<\/strong>, mod\u00e8le Lames ajour\u00e9es \u00e0 l&#8217;am\u00e9ricaine sur-mesure !<\/p>\n<p>Les dimensions pr\u00e9cises seront valid\u00e9es lors du m\u00e9tr\u00e9 effectu\u00e9 par le professionnel<\/p>\n[gallery link=\"none\" ids=\"125654,163797,125652\"]\n","protected":false},"featured_media":325279,"comment_status":"open","ping_status":"closed","template":"","meta":[],"product_cat":[813,799],"product_tag":[],"class_list":["post-325547","product","type-product","status-publish","has-post-thumbnail","hentry","product_cat-volets-battants-bois-sur-mesure-renovation-pose-comprise","product_cat-volets-battants-sur-mesure"],"composite_layout":"paged","composite_add_to_cart_form_location":"after_summary","composite_editable_in_cart":true,"composite_sold_individually_context":"product","composite_shop_price_calc":"defaults","composite_components":[{"id":"4728901472","title":"Caract\u00e9ristiques principales","description":"","query_type":"product_ids","query_ids":[300582],"default_option_id":300582,"thumbnail_id":"","thumbnail_src":"","quantity_min":1,"quantity_max":1,"priced_individually":true,"shipped_individually":true,"optional":false,"discount":"","options_style":"dropdowns","pagination_style":"classic","display_prices":"absolute","show_sorting_options":false,"show_filtering_options":false,"attribute_filter_ids":[],"product_title_visible":false,"product_descr_visible":true,"product_price_visible":true,"product_thumb_visible":false,"subtotal_visible_product":true,"subtotal_visible_cart":true,"subtotal_visible_orders":true},{"id":"4728901473","title":"Personnalisation","description":"","query_type":"product_ids","query_ids":[300495],"default_option_id":300495,"thumbnail_id":"","thumbnail_src":"","quantity_min":1,"quantity_max":1,"priced_individually":true,"shipped_individually":true,"optional":false,"discount":"","options_style":"dropdowns","pagination_style":"classic","display_prices":"absolute","show_sorting_options":false,"show_filtering_options":false,"attribute_filter_ids":[],"product_title_visible":false,"product_descr_visible":true,"product_price_visible":true,"product_thumb_visible":false,"subtotal_visible_product":true,"subtotal_visible_cart":true,"subtotal_visible_orders":true},{"id":"4728901474","title":"Options","description":"","query_type":"product_ids","query_ids":[300496],"default_option_id":300496,"thumbnail_id":"","thumbnail_src":"","quantity_min":1,"quantity_max":1,"priced_individually":true,"shipped_individually":true,"optional":false,"discount":"","options_style":"dropdowns","pagination_style":"classic","display_prices":"absolute","show_sorting_options":false,"show_filtering_options":false,"attribute_filter_ids":[],"product_title_visible":false,"product_descr_visible":true,"product_price_visible":true,"product_thumb_visible":false,"subtotal_visible_product":true,"subtotal_visible_cart":true,"subtotal_visible_orders":true}],"composite_scenarios":[],"_links":{"self":[{"href":"https:\/\/www.renovart-ouvertures.fr\/boutique\/wp-json\/wp\/v2\/product\/325547","targetHints":{"allow":["GET"]}}],"collection":[{"href":"https:\/\/www.renovart-ouvertures.fr\/boutique\/wp-json\/wp\/v2\/product"}],"about":[{"href":"https:\/\/www.renovart-ouvertures.fr\/boutique\/wp-json\/wp\/v2\/types\/product"}],"replies":[{"embeddable":true,"href":"https:\/\/www.renovart-ouvertures.fr\/boutique\/wp-json\/wp\/v2\/comments?post=325547"}],"wp:featuredmedia":[{"embeddable":true,"href":"https:\/\/www.renovart-ouvertures.fr\/boutique\/wp-json\/wp\/v2\/media\/325279"}],"wp:attachment":[{"href":"https:\/\/www.renovart-ouvertures.fr\/boutique\/wp-json\/wp\/v2\/media?parent=325547"}],"wp:term":[{"taxonomy":"product_cat","embeddable":true,"href":"https:\/\/www.renovart-ouvertures.fr\/boutique\/wp-json\/wp\/v2\/product_cat?post=325547"},{"taxonomy":"product_tag","embeddable":true,"href":"https:\/\/www.renovart-ouvertures.fr\/boutique\/wp-json\/wp\/v2\/product_tag?post=325547"}],"curies":[{"name":"wp","href":"https:\/\/api.w.org\/{rel}","templated":true}]}}