{"id":325502,"date":"2022-05-31T12:34:19","date_gmt":"2022-05-31T10:34:19","guid":{"rendered":"https:\/\/www.renovart-ouvertures.fr\/boutique\/produit\/non%20class\u00e9\/volet-battant-4-vantaux-sur-mesure-lames-ajourees-a-lamericaine-avec-precadre-bois-renovation\/"},"modified":"2022-06-01T14:16:28","modified_gmt":"2022-06-01T12:16:28","slug":"volet-battant-4-vantaux-sur-mesure-lames-ajourees-a-lamericaine-avec-precadre-bois-renovation","status":"publish","type":"product","link":"https:\/\/www.renovart-ouvertures.fr\/boutique\/produit\/produits-sur-mesure\/volets-battants-sur-mesure\/volets-battants-bois-sur-mesure-renovation-avec-precadre\/volet-battant-4-vantaux-sur-mesure-lames-ajourees-a-lamericaine-avec-precadre-bois-renovation\/","title":{"rendered":"Volet battant 4 vantaux sur-mesure &#8211; Lames ajour\u00e9es \u00e0 l&#8217;am\u00e9ricaine avec pr\u00e9cadre &#8211; Bois laqu\u00e9 &#8211; R\u00e9novation"},"content":{"rendered":"<p><u>Volet battant<\/u> : BOIS mod\u00e8le Lames ajour\u00e9es \u00e0 l\u2019am\u00e9ricaine &#8211; 4 vantaux<\/p>\n<p><u>Composition<\/u> : Cadre en BOIS assembl\u00e9 par tenons\/mortaises de section 90mm x 34mm d\u2019\u00e9paisseur<\/p>\n<p><u>Essence<\/u> : Bois exotique rouge (Palapi ou Mengkulang), densit\u00e9 700kg\/m<sup>3<\/sup><\/p>\n<p><u>Traitement<\/u> : Ecologique et novateur sans solvant, adapt\u00e9 \u00e0 la destination du volet battant. Protection contre le risque d\u2019exposition de niveau 3 du volet battant (Classe 3A).<br \/>\nGarantie 10 ans contre les insectes (notamment les termites), les champignons et les moisissures (sous r\u00e9serve de l\u2019application imm\u00e9diate d\u2019une finition appropri\u00e9e selon DTU 59-1 et du maintien permanent en bon \u00e9tat du produit)<\/p>\n<p><u>Finition<\/u> : 2 couches de finition avec \u00e9grenage entre les couches, dont 1 couche avant assemblage (Garantie 2 ans)<\/p>\n<p><u>Esth\u00e9tique<\/u> : Pentures \u00e9querres c\u00f4t\u00e9 ext\u00e9rieur. 1 traverse interm\u00e9diaire + 3 ferrages par vantail pour une hauteur sup\u00e9rieure \u00e0 1800mm<\/p>\n<p><u>Quincaillerie<\/u> : Sans entretien. Coloris noir. Pentures, espagnolette et poign\u00e9e en aluminium, arr\u00eats de vent et but\u00e9es en composite<\/p>\n<p><u>Types de pose<\/u> : En r\u00e9novation, sur pr\u00e9cadre. En tableau<\/p>\n<p><u>Prestations incluses<\/u> : Prise de contact t\u00e9l\u00e9phonique pour validation technique (sens d\u2019ouverture, hauteur de poign\u00e9e, etc.) + livraison<\/p>\n<p><u>TVA<\/u> : 20%<\/p>\n<p><u>Les avantages du pr\u00e9cadre\u00a0: une &#8220;Solution R\u00e9novation Tout en 1&#8221;\u00a0:<\/u> : Un faible encombrement : seulement 20mm sur 3 c\u00f4t\u00e9s (haut, gauche, droite)<br \/>\nUne esth\u00e9tique pr\u00e9serv\u00e9e : conservez le style de votre habitation<br \/>\nJoint en p\u00e9riph\u00e9rie : occultation accrue, isolation thermique performante, meilleure \u00e9tanch\u00e9it\u00e9 \u00e0 l&#8217;air et \u00e0 l&#8217;eau<br \/>\nUne finition parfaite : les anciens gonds sont dissimul\u00e9s derri\u00e8re l&#8217;aile de recouvrement sur la fa\u00e7ade<br \/>\nUn choix \u00e0 la carte : 5 coloris disponibles<\/p>\n","protected":false},"excerpt":{"rendered":"<p>Configurez votre volet battant 4 vantaux en bois <strong>laqu\u00e9<\/strong>, mod\u00e8le Lames ajour\u00e9es \u00e0 l&#8217;am\u00e9ricaine avec pr\u00e9cadre sur-mesure !<\/p>\n<p>Les dimensions pr\u00e9cises vous seront demand\u00e9es lors d&#8217;une validation technique par t\u00e9l\u00e9phone (ou lors du m\u00e9tr\u00e9 si vous choisissez cette option lors du passage de commande)<\/p>\n[gallery link=\"none\" ids=\"125654,163797\"]\n","protected":false},"featured_media":325309,"comment_status":"open","ping_status":"closed","template":"","meta":[],"product_cat":[823,799],"product_tag":[],"class_list":["post-325502","product","type-product","status-publish","has-post-thumbnail","hentry","product_cat-volets-battants-bois-sur-mesure-renovation-avec-precadre","product_cat-volets-battants-sur-mesure"],"composite_layout":"paged","composite_add_to_cart_form_location":"after_summary","composite_editable_in_cart":true,"composite_sold_individually_context":"product","composite_shop_price_calc":"defaults","composite_components":[{"id":"4728901337","title":"Caract\u00e9ristiques principales","description":"","query_type":"product_ids","query_ids":[300537],"default_option_id":300537,"thumbnail_id":"","thumbnail_src":"","quantity_min":1,"quantity_max":1,"priced_individually":true,"shipped_individually":true,"optional":false,"discount":"","options_style":"dropdowns","pagination_style":"classic","display_prices":"absolute","show_sorting_options":false,"show_filtering_options":false,"attribute_filter_ids":[],"product_title_visible":false,"product_descr_visible":true,"product_price_visible":true,"product_thumb_visible":false,"subtotal_visible_product":true,"subtotal_visible_cart":true,"subtotal_visible_orders":true},{"id":"4728901338","title":"Personnalisation","description":"","query_type":"product_ids","query_ids":[300495],"default_option_id":300495,"thumbnail_id":"","thumbnail_src":"","quantity_min":1,"quantity_max":1,"priced_individually":true,"shipped_individually":true,"optional":false,"discount":"","options_style":"dropdowns","pagination_style":"classic","display_prices":"absolute","show_sorting_options":false,"show_filtering_options":false,"attribute_filter_ids":[],"product_title_visible":false,"product_descr_visible":true,"product_price_visible":true,"product_thumb_visible":false,"subtotal_visible_product":true,"subtotal_visible_cart":true,"subtotal_visible_orders":true},{"id":"4728901339","title":"Options","description":"","query_type":"product_ids","query_ids":[300497],"default_option_id":300497,"thumbnail_id":"","thumbnail_src":"","quantity_min":1,"quantity_max":1,"priced_individually":true,"shipped_individually":true,"optional":false,"discount":"","options_style":"dropdowns","pagination_style":"classic","display_prices":"absolute","show_sorting_options":false,"show_filtering_options":false,"attribute_filter_ids":[],"product_title_visible":false,"product_descr_visible":true,"product_price_visible":true,"product_thumb_visible":false,"subtotal_visible_product":true,"subtotal_visible_cart":true,"subtotal_visible_orders":true}],"composite_scenarios":[],"_links":{"self":[{"href":"https:\/\/www.renovart-ouvertures.fr\/boutique\/wp-json\/wp\/v2\/product\/325502","targetHints":{"allow":["GET"]}}],"collection":[{"href":"https:\/\/www.renovart-ouvertures.fr\/boutique\/wp-json\/wp\/v2\/product"}],"about":[{"href":"https:\/\/www.renovart-ouvertures.fr\/boutique\/wp-json\/wp\/v2\/types\/product"}],"replies":[{"embeddable":true,"href":"https:\/\/www.renovart-ouvertures.fr\/boutique\/wp-json\/wp\/v2\/comments?post=325502"}],"wp:featuredmedia":[{"embeddable":true,"href":"https:\/\/www.renovart-ouvertures.fr\/boutique\/wp-json\/wp\/v2\/media\/325309"}],"wp:attachment":[{"href":"https:\/\/www.renovart-ouvertures.fr\/boutique\/wp-json\/wp\/v2\/media?parent=325502"}],"wp:term":[{"taxonomy":"product_cat","embeddable":true,"href":"https:\/\/www.renovart-ouvertures.fr\/boutique\/wp-json\/wp\/v2\/product_cat?post=325502"},{"taxonomy":"product_tag","embeddable":true,"href":"https:\/\/www.renovart-ouvertures.fr\/boutique\/wp-json\/wp\/v2\/product_tag?post=325502"}],"curies":[{"name":"wp","href":"https:\/\/api.w.org\/{rel}","templated":true}]}}