{"id":325381,"date":"2022-05-31T12:26:26","date_gmt":"2022-05-31T10:26:26","guid":{"rendered":"https:\/\/www.renovart-ouvertures.fr\/boutique\/produit\/non class\u00e9\/volet-battant-1-vantail-sur-mesure-pentures-et-contre-pentures-pvc-construction\/"},"modified":"2022-06-01T15:15:27","modified_gmt":"2022-06-01T13:15:27","slug":"volet-battant-1-vantail-sur-mesure-pentures-et-contre-pentures-pvc-construction","status":"publish","type":"product","link":"https:\/\/www.renovart-ouvertures.fr\/boutique\/produit\/produits-sur-mesure\/volets-battants-sur-mesure\/volets-battants-pvc-sur-mesure-construction\/volet-battant-1-vantail-sur-mesure-pentures-et-contre-pentures-pvc-construction\/","title":{"rendered":"Volet battant 1 vantail sur-mesure &#8211; Pentures et contre-pentures &#8211; PVC &#8211; Construction"},"content":{"rendered":"<p><u>Volet battant<\/u> : PVC mod\u00e8le Pentures &#038; Contre-pentures &#8211; 1 vantail<\/p>\n<p><u>Composition<\/u> : Panneau constitu\u00e9 de lames verticales en PVC d\u2019\u00e9paisseur 28 mm (\u00e9paisseur de la paroi 2mm et pas de lames de 100mm) avec profil de finition sur les chants du panneau. Renforts par tubes en acier syst\u00e9matiquement sur les volets plax\u00e9s<\/p>\n<p><u>Esth\u00e9tique<\/u> : Pentures c\u00f4t\u00e9 ext\u00e9rieur \/ Contre-pentures c\u00f4t\u00e9 int\u00e9rieur. 3 ferrages par vantail pour une hauteur sup\u00e9rieure \u00e0 1800mm<\/p>\n<p><u>Quincaillerie<\/u> : Sans entretien. Coloris noir. Pentures, espagnolette et poign\u00e9e en aluminium, arr\u00eats de vent et but\u00e9es en composite, gonds pour scellement chimique avec tamis<\/p>\n<p><u>Types de pose<\/u> : En tableau, applique ou feuillure (\u00e0 d\u00e9terminer lors de la validation technique)<\/p>\n<p><u>Isolation<\/u> : Lames pleines pour une isolation thermique performante (coefficient \u0394R=0,28w\/m<sup>2<\/sup>.K)<\/p>\n<p><u>Prestations incluses<\/u> : Prise de contact t\u00e9l\u00e9phonique pour validation technique (sens d\u2019ouverture, hauteur de poign\u00e9e, etc.) + livraison<\/p>\n<p><u>TVA<\/u> : 20%<\/p>\n","protected":false},"excerpt":{"rendered":"<p>Configurez votre volet battant 1 vantail en PVC, mod\u00e8le Pentures et contre-pentures sur-mesure !<\/p>\n<p>Les dimensions pr\u00e9cises vous seront demand\u00e9es lors d&#8217;une validation technique par t\u00e9l\u00e9phone (ou lors du m\u00e9tr\u00e9 si vous choisissez cette option lors du passage de commande)<\/p>\n[gallery link=\"none\" ids=\"125654,163797\"]\n","protected":false},"featured_media":325319,"comment_status":"open","ping_status":"closed","template":"","meta":[],"product_cat":[816,799],"product_tag":[],"class_list":["post-325381","product","type-product","status-publish","has-post-thumbnail","hentry","product_cat-volets-battants-pvc-sur-mesure-construction","product_cat-volets-battants-sur-mesure"],"composite_layout":"paged","composite_add_to_cart_form_location":"after_summary","composite_editable_in_cart":true,"composite_sold_individually_context":"product","composite_shop_price_calc":"defaults","composite_components":[{"id":"6728901340","title":"Caract\u00e9ristiques principales","description":"","query_type":"product_ids","query_ids":[300826],"default_option_id":300826,"thumbnail_id":"","thumbnail_src":"","quantity_min":1,"quantity_max":1,"priced_individually":true,"shipped_individually":true,"optional":false,"discount":"","options_style":"dropdowns","pagination_style":"classic","display_prices":"absolute","show_sorting_options":false,"show_filtering_options":false,"attribute_filter_ids":[],"product_title_visible":false,"product_descr_visible":true,"product_price_visible":true,"product_thumb_visible":false,"subtotal_visible_product":true,"subtotal_visible_cart":true,"subtotal_visible_orders":true},{"id":"6728901341","title":"Personnalisation","description":"","query_type":"product_ids","query_ids":[300494],"default_option_id":300494,"thumbnail_id":"","thumbnail_src":"","quantity_min":1,"quantity_max":1,"priced_individually":true,"shipped_individually":true,"optional":false,"discount":"","options_style":"dropdowns","pagination_style":"classic","display_prices":"absolute","show_sorting_options":false,"show_filtering_options":false,"attribute_filter_ids":[],"product_title_visible":false,"product_descr_visible":true,"product_price_visible":true,"product_thumb_visible":false,"subtotal_visible_product":true,"subtotal_visible_cart":true,"subtotal_visible_orders":true},{"id":"6728901342","title":"Options","description":"","query_type":"product_ids","query_ids":[300496],"default_option_id":300496,"thumbnail_id":"","thumbnail_src":"","quantity_min":1,"quantity_max":1,"priced_individually":true,"shipped_individually":true,"optional":false,"discount":"","options_style":"dropdowns","pagination_style":"classic","display_prices":"absolute","show_sorting_options":false,"show_filtering_options":false,"attribute_filter_ids":[],"product_title_visible":false,"product_descr_visible":true,"product_price_visible":true,"product_thumb_visible":false,"subtotal_visible_product":true,"subtotal_visible_cart":true,"subtotal_visible_orders":true}],"composite_scenarios":[],"_links":{"self":[{"href":"https:\/\/www.renovart-ouvertures.fr\/boutique\/wp-json\/wp\/v2\/product\/325381","targetHints":{"allow":["GET"]}}],"collection":[{"href":"https:\/\/www.renovart-ouvertures.fr\/boutique\/wp-json\/wp\/v2\/product"}],"about":[{"href":"https:\/\/www.renovart-ouvertures.fr\/boutique\/wp-json\/wp\/v2\/types\/product"}],"replies":[{"embeddable":true,"href":"https:\/\/www.renovart-ouvertures.fr\/boutique\/wp-json\/wp\/v2\/comments?post=325381"}],"wp:featuredmedia":[{"embeddable":true,"href":"https:\/\/www.renovart-ouvertures.fr\/boutique\/wp-json\/wp\/v2\/media\/325319"}],"wp:attachment":[{"href":"https:\/\/www.renovart-ouvertures.fr\/boutique\/wp-json\/wp\/v2\/media?parent=325381"}],"wp:term":[{"taxonomy":"product_cat","embeddable":true,"href":"https:\/\/www.renovart-ouvertures.fr\/boutique\/wp-json\/wp\/v2\/product_cat?post=325381"},{"taxonomy":"product_tag","embeddable":true,"href":"https:\/\/www.renovart-ouvertures.fr\/boutique\/wp-json\/wp\/v2\/product_tag?post=325381"}],"curies":[{"name":"wp","href":"https:\/\/api.w.org\/{rel}","templated":true}]}}