{"id":325234,"date":"2022-05-31T12:09:06","date_gmt":"2022-05-31T10:09:06","guid":{"rendered":"https:\/\/www.renovart-ouvertures.fr\/boutique\/produit\/non class\u00e9\/volet-battant-2-vantaux-sur-mesure-lames-a-chevrons-non-ajourees-avec-precadre-aluminium-renovation-pose-comprise\/"},"modified":"2022-06-01T14:14:40","modified_gmt":"2022-06-01T12:14:40","slug":"volet-battant-2-vantaux-sur-mesure-lames-a-chevrons-non-ajourees-avec-precadre-aluminium-renovation-pose-comprise","status":"publish","type":"product","link":"https:\/\/www.renovart-ouvertures.fr\/boutique\/produit\/produits-sur-mesure\/volets-battants-sur-mesure\/volets-battants-aluminium-sur-mesure-renovation-avec-precadre-pose-comprise\/volet-battant-2-vantaux-sur-mesure-lames-a-chevrons-non-ajourees-avec-precadre-aluminium-renovation-pose-comprise\/","title":{"rendered":"Volet battant 2 vantaux sur-mesure &#8211; Lames \u00e0 chevrons non ajour\u00e9es avec pr\u00e9cadre &#8211; Aluminium &#8211; R\u00e9novation &#8211; Pose comprise"},"content":{"rendered":"<p><u>Volet battant<\/u> : ALU mod\u00e8le Lames \u00e0 chevrons non ajour\u00e9es &#8211; 2 vantaux<\/p>\n<p><u>Composition<\/u> : Cadre en aluminium extrud\u00e9 de section 65mm x 32mm d\u2019\u00e9paisseur<\/p>\n<p><u>Esth\u00e9tique<\/u> : Pentures \u00e9querres c\u00f4t\u00e9 ext\u00e9rieur. 1 traverse interm\u00e9diaire + 3 ferrages par vantail pour une hauteur sup\u00e9rieure \u00e0 1800mm<\/p>\n<p><u>Quincaillerie<\/u> : Sans entretien. Coloris noir. Pentures, espagnolette et poign\u00e9e en aluminium, arr\u00eats de vent et but\u00e9es en composite<\/p>\n<p><u>Types de pose<\/u> : En r\u00e9novation, sur pr\u00e9cadre. En tableau<\/p>\n<p><u>Prestations incluses<\/u> : Prise de contact t\u00e9l\u00e9phonique + visite technique sur RDV pour validation (sens d\u2019ouverture, hauteur de poign\u00e9e, etc.) + livraison + installation sur RDV r\u00e9alis\u00e9e par un intervenant agr\u00e9\u00e9<\/p>\n<p><u>TVA<\/u> : 10%<\/p>\n<p><u>Les avantages du pr\u00e9cadre\u00a0: une &#8220;Solution R\u00e9novation Tout en 1&#8221;\u00a0:<\/u> : Un faible encombrement : seulement 20mm sur 3 c\u00f4t\u00e9s (haut, gauche, droite)<br \/>\nUne esth\u00e9tique pr\u00e9serv\u00e9e : conservez le style de votre habitation<br \/>\nJoint en p\u00e9riph\u00e9rie : occultation accrue, isolation thermique performante, meilleure \u00e9tanch\u00e9it\u00e9 \u00e0 l&#8217;air et \u00e0 l&#8217;eau<br \/>\nUne finition parfaite : les anciens gonds sont dissimul\u00e9s derri\u00e8re l&#8217;aile de recouvrement sur la fa\u00e7ade<br \/>\nUn choix \u00e0 la carte : 9 coloris disponibles<\/p>\n","protected":false},"excerpt":{"rendered":"<p>Configurez votre volet battant 2 vantaux en aluminium, mod\u00e8le Lames \u00e0 chevrons non ajour\u00e9es avec pr\u00e9cadre sur-mesure !<\/p>\n<p>Les dimensions pr\u00e9cises seront valid\u00e9es lors du m\u00e9tr\u00e9 effectu\u00e9 par le professionnel<\/p>\n[gallery link=\"none\" ids=\"125654,163797,125652\"]\n","protected":false},"featured_media":325159,"comment_status":"open","ping_status":"closed","template":"","meta":[],"product_cat":[822,799],"product_tag":[],"class_list":["post-325234","product","type-product","status-publish","has-post-thumbnail","hentry","product_cat-volets-battants-aluminium-sur-mesure-renovation-avec-precadre-pose-comprise","product_cat-volets-battants-sur-mesure"],"composite_layout":"paged","composite_add_to_cart_form_location":"after_summary","composite_editable_in_cart":true,"composite_sold_individually_context":"product","composite_shop_price_calc":"defaults","composite_components":[{"id":"5728901571","title":"Caract\u00e9ristiques principales","description":"","query_type":"product_ids","query_ids":[300759],"default_option_id":300759,"thumbnail_id":"","thumbnail_src":"","quantity_min":1,"quantity_max":1,"priced_individually":true,"shipped_individually":true,"optional":false,"discount":"","options_style":"dropdowns","pagination_style":"classic","display_prices":"absolute","show_sorting_options":false,"show_filtering_options":false,"attribute_filter_ids":[],"product_title_visible":false,"product_descr_visible":true,"product_price_visible":true,"product_thumb_visible":false,"subtotal_visible_product":true,"subtotal_visible_cart":true,"subtotal_visible_orders":true},{"id":"5728901572","title":"Personnalisation","description":"","query_type":"product_ids","query_ids":[300495],"default_option_id":300495,"thumbnail_id":"","thumbnail_src":"","quantity_min":1,"quantity_max":1,"priced_individually":true,"shipped_individually":true,"optional":false,"discount":"","options_style":"dropdowns","pagination_style":"classic","display_prices":"absolute","show_sorting_options":false,"show_filtering_options":false,"attribute_filter_ids":[],"product_title_visible":false,"product_descr_visible":true,"product_price_visible":true,"product_thumb_visible":false,"subtotal_visible_product":true,"subtotal_visible_cart":true,"subtotal_visible_orders":true},{"id":"5728901573","title":"Options","description":"","query_type":"product_ids","query_ids":[300497],"default_option_id":300497,"thumbnail_id":"","thumbnail_src":"","quantity_min":1,"quantity_max":1,"priced_individually":true,"shipped_individually":true,"optional":false,"discount":"","options_style":"dropdowns","pagination_style":"classic","display_prices":"absolute","show_sorting_options":false,"show_filtering_options":false,"attribute_filter_ids":[],"product_title_visible":false,"product_descr_visible":true,"product_price_visible":true,"product_thumb_visible":false,"subtotal_visible_product":true,"subtotal_visible_cart":true,"subtotal_visible_orders":true}],"composite_scenarios":[],"_links":{"self":[{"href":"https:\/\/www.renovart-ouvertures.fr\/boutique\/wp-json\/wp\/v2\/product\/325234","targetHints":{"allow":["GET"]}}],"collection":[{"href":"https:\/\/www.renovart-ouvertures.fr\/boutique\/wp-json\/wp\/v2\/product"}],"about":[{"href":"https:\/\/www.renovart-ouvertures.fr\/boutique\/wp-json\/wp\/v2\/types\/product"}],"replies":[{"embeddable":true,"href":"https:\/\/www.renovart-ouvertures.fr\/boutique\/wp-json\/wp\/v2\/comments?post=325234"}],"wp:featuredmedia":[{"embeddable":true,"href":"https:\/\/www.renovart-ouvertures.fr\/boutique\/wp-json\/wp\/v2\/media\/325159"}],"wp:attachment":[{"href":"https:\/\/www.renovart-ouvertures.fr\/boutique\/wp-json\/wp\/v2\/media?parent=325234"}],"wp:term":[{"taxonomy":"product_cat","embeddable":true,"href":"https:\/\/www.renovart-ouvertures.fr\/boutique\/wp-json\/wp\/v2\/product_cat?post=325234"},{"taxonomy":"product_tag","embeddable":true,"href":"https:\/\/www.renovart-ouvertures.fr\/boutique\/wp-json\/wp\/v2\/product_tag?post=325234"}],"curies":[{"name":"wp","href":"https:\/\/api.w.org\/{rel}","templated":true}]}}