{"id":259539,"date":"2022-01-13T16:46:07","date_gmt":"2022-01-13T15:46:07","guid":{"rendered":"https:\/\/www.renovart-ouvertures.fr\/boutique\/produit\/non class\u00e9\/porte-fenetre-2-vantaux-sur-mesure-volet-roulant-integre-bicolore-pvc-renovation-pose-comprise\/"},"modified":"2022-01-13T17:49:42","modified_gmt":"2022-01-13T16:49:42","slug":"porte-fenetre-2-vantaux-sur-mesure-volet-roulant-integre-bicolore-pvc-renovation-pose-comprise","status":"publish","type":"product","link":"https:\/\/www.renovart-ouvertures.fr\/boutique\/produit\/produits-sur-mesure\/menuiserie-pvc-sur-mesure\/menuiserie-pvc-sur-mesure-renovation-pose-comprise\/menuiserie-pvc-sur-mesure-renovation-pose-comprise-bicolore-volet-roulant-integre\/porte-fenetre-2-vantaux-sur-mesure-volet-roulant-integre-bicolore-pvc-renovation-pose-comprise\/","title":{"rendered":"Porte-fen\u00eatre 2 vantaux sur-mesure &#8211; Volet roulant int\u00e9gr\u00e9 &#8211; Bicolore &#8211; PVC &#8211; R\u00e9novation &#8211; Pose comprise"},"content":{"rendered":"<p><u>Porte-fen\u00eatre 2 vantaux<\/u> : Menuiserie en PVC conforme \u00e0 la norme NF Menuiserie en vigueur. Profils parmi les plus performants du march\u00e9 \u00e9quip\u00e9s de renforts en acier galvanis\u00e9 selon configurations et caract\u00e9ristiques techniques. Fabrication fran\u00e7aise<\/p>\n<p><u>Couleur<\/u> : Bicoloration (int\u00e9rieur blanc \/ ext\u00e9rieur 129 coloris au choix)<\/p>\n<p><u>Dormant (cadre)<\/u> : Profil de 60mm d\u2019\u00e9paisseur \u00e9quip\u00e9 de 4 chambres d\u2019isolation<\/p>\n<p><u>Ouvrant (vantail)<\/u> : Profil de 80mm d&#8217;\u00e9paisseur \u00e9quip\u00e9 de 5 chambres d&#8217;isolation<\/p>\n<p><u>Articulation<\/u> : Paumelles en aluminium laqu\u00e9 \u00e0 vis cach\u00e9es pour plus de discr\u00e9tion + verrou \u00e0 onglet sur ouvrant secondaire permettant de maintenir l&#8217;ouvrant en position ferm\u00e9e lors de l&#8217;ouverture de l&#8217;ouvrant principal<\/p>\n<p><u>S\u00e9curit\u00e9<\/u> : Poign\u00e9e en aluminium laqu\u00e9 S\u00e9custik\u00ae, syst\u00e8me anti-relevage<\/p>\n<p><u>\u00c9tanch\u00e9it\u00e9<\/u> : 3 joints de but\u00e9e gris clair ou noir selon coloris de la menuiserie<\/p>\n<p><u>Isolation<\/u> : Parfait compromis thermique \/ phonique (Classement Ac1 Th11) gr\u00e2ce au double vitrage d\u2019\u00e9paisseur 28mm 4\/20\/4 avec traitement de faible \u00e9missivit\u00e9 et gaz argon (coefficient Uw\u2a7d1,3 w\/m\u00b2.K, facteur solaire Sw>=0,30 W\/m\u00b2\u00b0K, coefficient d\u2019att\u00e9nuation acoustique 28dB)<\/p>\n<p><u>Esth\u00e9tique<\/u> : Battement r\u00e9duit (116mm) avec poign\u00e9e centr\u00e9e permettant de gagner en luminosit\u00e9, 164mm si option serrure \u00e0 clef. Soubassement plein lisse de 400mm de hauteur. Vous souhaitez une hauteur de soubassement diff\u00e9rente : contactez-nous<\/p>\n<p><u>Confort d&#8217;utilisation<\/u> : Seuil en aluminium de 20mm permettant de faciliter le passage entre l&#8217;int\u00e9rieur et l&#8217;ext\u00e9rieur de l&#8217;habitation<\/p>\n<p><u>Performances<\/u> : Classement normalis\u00e9 \u00e0 l\u2019Air, \u00e0 l\u2019Eau et au Vent (A4, E7B, VA3)<\/p>\n<p><u>Types de pose<\/u> : R\u00e9novation sur dormant (cadre) existant. Pour une d\u00e9pose totale de l\u2019ancien dormant : contactez-nous<\/p>\n<p><u>Volet roulant<\/u> : Avec volet roulant int\u00e9gr\u00e9. Coffre (caisson) en PVC. Lames (tablier) en aluminium double paroi inject\u00e9es de mousse isolante. Taille des lames et hauteur du coffre variables selon les dimensions de l&#8217;ensemble menuiserie + volet. Bloqueurs automatiques emp\u00eachant le soul\u00e8vement lorsque le volet est ferm\u00e9. Motorisation filaire ou radio. Bouton individuel fourni avec chaque volet roulant. Vous souhaitez une man\u0153uvre manuelle ou bien encore des lames en PVC : contactez-nous<\/p>\n<p><u>Petits bois int\u00e9gr\u00e9s<\/u> : Option petits bois int\u00e9gr\u00e9s dans le double vitrage (nettoyage facilit\u00e9) en aluminium 26mm. Coloris identique \u00e0 la menuiserie<\/p>\n<p><u>\u00c9co-responsable<\/u> : Fabricant partenaire du label Rehau Eco Puls. Jusqu&#8217;\u00e0 17 kg de CO2 \u00e9conomis\u00e9s par fen\u00eatre, soit l&#8217;\u00e9quivalent de 110 km parcourus par un v\u00e9hicule<\/p>\n<p><u>Prestations incluses<\/u> : Prise de contact t\u00e9l\u00e9phonique + visite technique sur RDV pour validation (sens d\u2019ouverture, hauteur de poign\u00e9e, grille de ventilation, etc.) + livraison + installation sur RDV r\u00e9alis\u00e9e par un intervenant agr\u00e9\u00e9<\/p>\n<p><u>TVA<\/u> : 5,5% pour une habitation de + de 2 ans (selon document CERFA n\u00b013948*03). Produit \u00e9ligible aux aides fiscales selon loi de finances en vigueur : MaPrimeR\u00e9nov\u2019 + Certificats d\u2019Economies d\u2019Energie (CEE)<\/p>\n<p><u>Infos<\/u> : Les vantaux sont fabriqu\u00e9s de largeur \u00e9gale (pour des largeurs diff\u00e9rentes entre les vantaux, contactez-nous)<\/p>\n","protected":false},"excerpt":{"rendered":"<p>Configurez votre porte-fen\u00eatre 2 vantaux bicolore (coloris blanc \u00e0 l&#8217;int\u00e9rieur, au choix \u00e0 l&#8217;ext\u00e9rieur) avec volet roulet int\u00e9gr\u00e9 sur-mesure !<\/p>\n<p>Les dimensions pr\u00e9cises seront valid\u00e9es lors du m\u00e9tr\u00e9 effectu\u00e9 par le professionnel<\/p>\n[gallery link=\"none\" ids=\"125654,125649,163797,125652\"]\n","protected":false},"featured_media":163789,"comment_status":"open","ping_status":"closed","template":"","meta":[],"product_cat":[743,421],"product_tag":[],"class_list":["post-259539","product","type-product","status-publish","has-post-thumbnail","hentry","product_cat-menuiserie-pvc-sur-mesure-renovation-pose-comprise-bicolore-volet-roulant-integre","product_cat-menuiserie-pvc-sur-mesure"],"composite_layout":"paged","composite_add_to_cart_form_location":"after_summary","composite_editable_in_cart":true,"composite_sold_individually_context":"product","composite_shop_price_calc":"defaults","composite_components":[{"id":"2728901692","title":"Caract\u00e9ristiques principales","description":"","query_type":"product_ids","query_ids":[237796],"default_option_id":237796,"thumbnail_id":"","thumbnail_src":"","quantity_min":1,"quantity_max":1,"priced_individually":true,"shipped_individually":true,"optional":false,"discount":"","options_style":"dropdowns","pagination_style":"classic","display_prices":"absolute","show_sorting_options":false,"show_filtering_options":false,"attribute_filter_ids":[],"product_title_visible":false,"product_descr_visible":true,"product_price_visible":true,"product_thumb_visible":false,"subtotal_visible_product":true,"subtotal_visible_cart":true,"subtotal_visible_orders":true},{"id":"2728901693","title":"Personnalisation","description":"","query_type":"product_ids","query_ids":[89],"default_option_id":89,"thumbnail_id":"","thumbnail_src":"","quantity_min":1,"quantity_max":1,"priced_individually":true,"shipped_individually":true,"optional":false,"discount":"","options_style":"dropdowns","pagination_style":"classic","display_prices":"absolute","show_sorting_options":false,"show_filtering_options":false,"attribute_filter_ids":[],"product_title_visible":false,"product_descr_visible":false,"product_price_visible":true,"product_thumb_visible":false,"subtotal_visible_product":true,"subtotal_visible_cart":true,"subtotal_visible_orders":true},{"id":"2728901694","title":"Volet roulant int\u00e9gr\u00e9","description":"","query_type":"product_ids","query_ids":[78],"default_option_id":78,"thumbnail_id":"","thumbnail_src":"","quantity_min":1,"quantity_max":1,"priced_individually":true,"shipped_individually":true,"optional":false,"discount":"","options_style":"dropdowns","pagination_style":"classic","display_prices":"absolute","show_sorting_options":false,"show_filtering_options":false,"attribute_filter_ids":[],"product_title_visible":false,"product_descr_visible":true,"product_price_visible":true,"product_thumb_visible":false,"subtotal_visible_product":true,"subtotal_visible_cart":true,"subtotal_visible_orders":true},{"id":"2728901695","title":"Options","description":"","query_type":"product_ids","query_ids":[83],"default_option_id":83,"thumbnail_id":"","thumbnail_src":"","quantity_min":1,"quantity_max":1,"priced_individually":true,"shipped_individually":true,"optional":false,"discount":"","options_style":"dropdowns","pagination_style":"classic","display_prices":"absolute","show_sorting_options":false,"show_filtering_options":false,"attribute_filter_ids":[],"product_title_visible":false,"product_descr_visible":true,"product_price_visible":true,"product_thumb_visible":false,"subtotal_visible_product":true,"subtotal_visible_cart":true,"subtotal_visible_orders":true}],"composite_scenarios":[],"_links":{"self":[{"href":"https:\/\/www.renovart-ouvertures.fr\/boutique\/wp-json\/wp\/v2\/product\/259539","targetHints":{"allow":["GET"]}}],"collection":[{"href":"https:\/\/www.renovart-ouvertures.fr\/boutique\/wp-json\/wp\/v2\/product"}],"about":[{"href":"https:\/\/www.renovart-ouvertures.fr\/boutique\/wp-json\/wp\/v2\/types\/product"}],"replies":[{"embeddable":true,"href":"https:\/\/www.renovart-ouvertures.fr\/boutique\/wp-json\/wp\/v2\/comments?post=259539"}],"wp:featuredmedia":[{"embeddable":true,"href":"https:\/\/www.renovart-ouvertures.fr\/boutique\/wp-json\/wp\/v2\/media\/163789"}],"wp:attachment":[{"href":"https:\/\/www.renovart-ouvertures.fr\/boutique\/wp-json\/wp\/v2\/media?parent=259539"}],"wp:term":[{"taxonomy":"product_cat","embeddable":true,"href":"https:\/\/www.renovart-ouvertures.fr\/boutique\/wp-json\/wp\/v2\/product_cat?post=259539"},{"taxonomy":"product_tag","embeddable":true,"href":"https:\/\/www.renovart-ouvertures.fr\/boutique\/wp-json\/wp\/v2\/product_tag?post=259539"}],"curies":[{"name":"wp","href":"https:\/\/api.w.org\/{rel}","templated":true}]}}