{"id":168165,"date":"2021-09-16T16:36:55","date_gmt":"2021-09-16T14:36:55","guid":{"rendered":"https:\/\/www.renovart-ouvertures.fr\/boutique\/produit\/non%20class\u00e9\/volet-roulant-construction-pose-comprise\/"},"modified":"2021-10-26T14:45:04","modified_gmt":"2021-10-26T12:45:04","slug":"volet-roulant-sans-coffre-sur-mesure-construction-pose-comprise","status":"publish","type":"product","link":"https:\/\/www.renovart-ouvertures.fr\/boutique\/produit\/produits-sur-mesure\/volets-roulants-sur-mesure\/volets-roulants-sur-mesure-construction\/volet-roulant-sans-coffre-sur-mesure-construction-pose-comprise\/","title":{"rendered":"Volet roulant sans coffre sur-mesure &#8211; Construction &#8211; Pose comprise"},"content":{"rendered":"<p><u>Volet roulant pour construction neuve<\/u>: Fabrication fran\u00e7aise.<\/p>\n<p><u>Coulisses (rails)<\/u>: En aluminium 40x28mm \u00e0 l\u2019esth\u00e9tique galb\u00e9e \u00e9quip\u00e9es de joints qui permettent d\u2019obtenir une occultation renforc\u00e9e et de limiter fortement le bruit lorsqu\u2019il y a du vent. Coulisses 55x28mm \u00e0 l\u2019esth\u00e9tique plate pour grandes dimensions (utilisation des lames 56x12mm)<\/p>\n<p><u>Lames<\/u>: En aluminium double paroi inject\u00e9es de mousse isolante (DR + 0.15W\/m\u00b2\u00b0k). Plusieurs dimensions de lames selon les dimensions et caract\u00e9ristiques du volet (39x8mm, 45x8mm, 56x12mm)<\/p>\n<p><u>\u00c9tanch\u00e9it\u00e9<\/u>: Joints sur les coulisses assurant une finition parfaite et une \u00e9tanch\u00e9it\u00e9 lat\u00e9rale + joint sur lame finale<\/p>\n<p><u>S\u00e9curit\u00e9<\/u>: Bloqueurs automatiques emp\u00eachant le soul\u00e8vement lorsque le volet est ferm\u00e9<\/p>\n<p><u>Man\u0153uvre<\/u>: Motorisation filaire, radio ou solaire. Bouton individuel fourni avec chaque volet roulant<\/p>\n<p><u>Performances<\/u>: Volet lab\u00e9lis\u00e9 VEMCROS : r\u00e9sistance au Vent (de 56 \u00e0 113 km\/h, Endurance (de 7 000 \u00e0 14 000 cycles, 1 cycle = 1 mont\u00e9e + 1 descente, soit un minimum de 20 ans d\u2019utilisation), Man\u0153uvre (mesure de l\u2019effort en fonctionnement normal ainsi que les man\u0153uvres brutales), Chocs (capacit\u00e9 de fonctionnement suite \u00e0 des chocs), Rayonnement solaire (test de d\u00e9formation \u00e0 la dilatation), Occultation (mesure du passage de la lumi\u00e8re), Sel (capacit\u00e9 \u00e0 conserver le bon fonctionnement et l\u2019aspect g\u00e9n\u00e9ral face \u00e0 l\u2019alt\u00e9ration du sel). Classification variable selon les dimensions du volet roulant<\/p>\n<p><u>Types de pose<\/u>: Sur ma\u00e7onnerie (id\u00e9al pour les constructions neuves)<\/p>\n<p><u>Prestations incluses<\/u>: Prise de contact t\u00e9l\u00e9phonique + visite technique sur RDV pour validation (c\u00f4t\u00e9 du moteur, etc.) + livraison + installation sur RDV r\u00e9alis\u00e9e par un intervenant agr\u00e9\u00e9 R\u00c9NOV\u2019ART<\/p>\n<p><u>TVA<\/u> : 20%<\/p>\n","protected":false},"excerpt":{"rendered":"<p>Configurez votre volet roulant sur-mesure !<\/p>\n<p>Les dimensions pr\u00e9cises seront valid\u00e9es lors du m\u00e9tr\u00e9 effectu\u00e9 par le professionnel<\/p>\n[gallery link=\"none\" ids=\"125654,163797,125652\"]\n","protected":false},"featured_media":169728,"comment_status":"open","ping_status":"closed","template":"","meta":[],"product_cat":[616,425,433],"product_tag":[],"class_list":["post-168165","product","type-product","status-publish","has-post-thumbnail","hentry","product_cat-volets-roulants-sur-mesure-construction-pose-comprise","product_cat-volets-roulants-sur-mesure","product_cat-volets-roulants-sur-mesure-construction"],"composite_layout":"paged","composite_add_to_cart_form_location":"after_summary","composite_editable_in_cart":true,"composite_sold_individually_context":"product","composite_shop_price_calc":"defaults","composite_components":[{"id":"1631812791","title":"Caract\u00e9ristiques principales","description":"","query_type":"product_ids","query_ids":[164517],"default_option_id":164517,"thumbnail_id":"","thumbnail_src":"","quantity_min":1,"quantity_max":1,"priced_individually":true,"shipped_individually":true,"optional":false,"discount":"","options_style":"dropdowns","pagination_style":"classic","display_prices":"absolute","show_sorting_options":false,"show_filtering_options":false,"attribute_filter_ids":[],"product_title_visible":false,"product_descr_visible":true,"product_price_visible":true,"product_thumb_visible":false,"subtotal_visible_product":true,"subtotal_visible_cart":true,"subtotal_visible_orders":true},{"id":"1631812792","title":"Personnalisation","description":"","query_type":"product_ids","query_ids":[164519],"default_option_id":164519,"thumbnail_id":"","thumbnail_src":"","quantity_min":1,"quantity_max":1,"priced_individually":true,"shipped_individually":true,"optional":false,"discount":"","options_style":"dropdowns","pagination_style":"classic","display_prices":"absolute","show_sorting_options":false,"show_filtering_options":false,"attribute_filter_ids":[],"product_title_visible":false,"product_descr_visible":true,"product_price_visible":true,"product_thumb_visible":false,"subtotal_visible_product":true,"subtotal_visible_cart":true,"subtotal_visible_orders":true},{"id":"1631812793","title":"Options","description":"","query_type":"product_ids","query_ids":[164520],"default_option_id":164520,"thumbnail_id":"","thumbnail_src":"","quantity_min":1,"quantity_max":1,"priced_individually":true,"shipped_individually":true,"optional":false,"discount":"","options_style":"dropdowns","pagination_style":"classic","display_prices":"absolute","show_sorting_options":false,"show_filtering_options":false,"attribute_filter_ids":[],"product_title_visible":false,"product_descr_visible":true,"product_price_visible":true,"product_thumb_visible":false,"subtotal_visible_product":true,"subtotal_visible_cart":true,"subtotal_visible_orders":true},{"id":"1631812794","title":"Options","description":"","query_type":"product_ids","query_ids":[164521],"default_option_id":164521,"thumbnail_id":"","thumbnail_src":"","quantity_min":1,"quantity_max":1,"priced_individually":true,"shipped_individually":true,"optional":false,"discount":"","options_style":"dropdowns","pagination_style":"classic","display_prices":"absolute","show_sorting_options":false,"show_filtering_options":false,"attribute_filter_ids":[],"product_title_visible":false,"product_descr_visible":true,"product_price_visible":true,"product_thumb_visible":false,"subtotal_visible_product":true,"subtotal_visible_cart":true,"subtotal_visible_orders":true}],"composite_scenarios":[{"id":"1631882460","name":"Filaire","description":"","configuration":[{"component_id":"1631812791","component_options":[168825,168826,168827,168828,168829,168830,168831,168832,168833,168834,168835,168836,168837,168838,168839,168840,168841,168842,168843,168844,168845,168846,168847,168848,168849,168850,168851,168852,168853,168854,168885,168886,168887,168888,168889,168890,168891,168892,168893,168894,168895,168896,168897,168898,168899,168900,168901,168902,168903,168904,168905,168906,168907,168908,168909,168910,168911,168912,168913,168914,168945,168946,168947,168948,168949,168950,168951,168952,168953,168954,168955,168956,168957,168958,168959,168960,168961,168962,168963,168964,168965,168966,168967,168968,168969,168970,168971,168972,168973,168974,169005,169006,169007,169008,169009,169010,169011,169012,169013,169014,169015,169016,169017,169018,169019,169020,169021,169022,169023,169024,169025,169026,169027,169028,169029,169030,169031,169032,169033,169034,169035,169036,169037,169038,169039,169040,169041,169042,169043,169044,169045,169046,169047,169048,169049,169050,169051,169052,169053,169054,169055,169056,169057,169058,169059,169060,169061,169062,169063],"options_modifier":"in"},{"component_id":"1631812792","component_options":[0],"options_modifier":"masked"},{"component_id":"1631812793","component_options":[0],"options_modifier":"masked"},{"component_id":"1631812794","component_options":[0],"options_modifier":"masked"}],"actions":[{"action_id":"compat_group","is_active":true,"action_data":[]},{"action_id":"conditional_components","is_active":true,"action_data":{"hidden_components":["1631812793","1631812794"]}}],"enabled":true},{"id":"1631882461","name":"SOMFY","description":"","configuration":[{"component_id":"1631812791","component_options":[169064,169095,169096,169097,169098,169099,169100,169101,169102,169103,169104,169105,169106,169107,169108,169109,169110,169111,169112,169113,169114,169115,169116,169117,169118,169119,169120,169121,169122,169123,169124,169185,169186,169187,169188,169189,169190,169191,169192,169193,169194,169195,169196,169197,169198,169199,169200,169201,169202,169203,169204,169205,169206,169207,169208,169209,169210,169211,169212,169213,169214,169275,169276,169277,169278,169279,169280,169281,169282,169283,169284,169285,169286,169287,169288,169289,169290,169291,169292,169293,169294,169295,169296,169297,169298,169299,169300,169301,169302,169303,169304,169335,169336,169337,169338,169339,169340,169341,169342,169343,169344,169345,169346,169347,169348,169349,169350,169351,169352,169353,169354,169355,169356,169357,169358,169359,169360,169361,169362,169363,169364,169395,169396,169397,169398,169399,169400,169401,169402,169403,169404,169405,169406,169407,169408,169409,169410,169411,169412,169413,169414,169415,169416,169417,169418,169419,169420,169421,169422,169589,169590,169591,169592,169593,169594,169595,169596,169597,169598,169599,169600,169601,169602,169603,169604,169605,169606,169607,169608,169609,169610,169611,169612,169613,169614,169615,169616,169617,169618,169619,169620,169621,169622,169623,169624,169625,169626,169627,169628,169629,169630,169631,169632,169633,169634,169635,169636,169637,169638,169639,169640,169641,169642,169643,169644,169645,169646,169647,169648,169649,169650,169651,169652,169653,169654,169655,169656,169657,169658,169659,169660,169661,169662,169663,169664,169665,169666,169667,169668,169669,169670,169671,169672,169673,169674,169675,169676,169677,169678,169679,169680,169681,169682,169683,169684],"options_modifier":"in"},{"component_id":"1631812792","component_options":[0],"options_modifier":"masked"},{"component_id":"1631812793","component_options":[0],"options_modifier":"masked"},{"component_id":"1631812794","component_options":[0],"options_modifier":"masked"}],"actions":[{"action_id":"compat_group","is_active":true,"action_data":[]},{"action_id":"conditional_components","is_active":true,"action_data":{"hidden_components":["1631812794"]}}],"enabled":true},{"id":"1631882462","name":"AOK","description":"","configuration":[{"component_id":"1631812791","component_options":[169423,169424,169425,169426,169427,169428,169429,169430,169431,169432,169433,169434,169435,169436,169437,169438,169439,169440,169441,169442,169443,169444,169445,169446,169447,169448,169449,169450,169451,169452,169453,169454,169485,169486,169487,169488,169489,169490,169491,169492,169493,169494,169495,169496,169497,169498,169499,169500,169501,169502,169503,169504,169505,169506,169507,169508,169509,169510,169511,169512,169513,169514,169555,169556,169557,169558,169559,169560,169561,169562,169563,169564,169565,169566,169567,169568,169569,169570,169571,169572,169573,169574,169575,169576,169577,169578,169579,169580,169581,169582,169583,169584,169585,169586,169587,169588],"options_modifier":"in"},{"component_id":"1631812792","component_options":[0],"options_modifier":"masked"},{"component_id":"1631812793","component_options":[0],"options_modifier":"masked"},{"component_id":"1631812794","component_options":[0],"options_modifier":"masked"}],"actions":[{"action_id":"compat_group","is_active":true,"action_data":[]},{"action_id":"conditional_components","is_active":true,"action_data":{"hidden_components":["1631812793"]}}],"enabled":true}],"_links":{"self":[{"href":"https:\/\/www.renovart-ouvertures.fr\/boutique\/wp-json\/wp\/v2\/product\/168165","targetHints":{"allow":["GET"]}}],"collection":[{"href":"https:\/\/www.renovart-ouvertures.fr\/boutique\/wp-json\/wp\/v2\/product"}],"about":[{"href":"https:\/\/www.renovart-ouvertures.fr\/boutique\/wp-json\/wp\/v2\/types\/product"}],"replies":[{"embeddable":true,"href":"https:\/\/www.renovart-ouvertures.fr\/boutique\/wp-json\/wp\/v2\/comments?post=168165"}],"wp:featuredmedia":[{"embeddable":true,"href":"https:\/\/www.renovart-ouvertures.fr\/boutique\/wp-json\/wp\/v2\/media\/169728"}],"wp:attachment":[{"href":"https:\/\/www.renovart-ouvertures.fr\/boutique\/wp-json\/wp\/v2\/media?parent=168165"}],"wp:term":[{"taxonomy":"product_cat","embeddable":true,"href":"https:\/\/www.renovart-ouvertures.fr\/boutique\/wp-json\/wp\/v2\/product_cat?post=168165"},{"taxonomy":"product_tag","embeddable":true,"href":"https:\/\/www.renovart-ouvertures.fr\/boutique\/wp-json\/wp\/v2\/product_tag?post=168165"}],"curies":[{"name":"wp","href":"https:\/\/api.w.org\/{rel}","templated":true}]}}