{"id":168162,"date":"2021-09-16T16:36:54","date_gmt":"2021-09-16T14:36:54","guid":{"rendered":"https:\/\/www.renovart-ouvertures.fr\/boutique\/produit\/non%20class\u00e9\/volet-roulant-monte-dans-un-coffre-construction\/"},"modified":"2021-10-26T14:48:57","modified_gmt":"2021-10-26T12:48:57","slug":"volet-roulant-monte-dans-un-coffre-sur-mesure-construction","status":"publish","type":"product","link":"https:\/\/www.renovart-ouvertures.fr\/boutique\/produit\/produits-sur-mesure\/volets-roulants-sur-mesure\/volets-roulants-sur-mesure-construction\/volet-roulant-monte-dans-un-coffre-sur-mesure-construction\/","title":{"rendered":"Volet roulant mont\u00e9 dans un coffre sur-mesure &#8211; Construction"},"content":{"rendered":"<p><u>Volet roulant pour construction neuve<\/u> : Fabrication fran\u00e7aise.<\/p>\n<p><u>Coffre (caisson)<\/u> : Coffre de volet roulant non porteur, s\u2019int\u00e9grant \u00e0 la ma\u00e7onnerie. Il est constitu\u00e9 d\u2019une coque en polystyr\u00e8ne en forme de U, renforc\u00e9e par une armature en acier et des \u00e9querres de renforts en acier int\u00e9gr\u00e9es dans la structure du coffre. Un rail acier type U est noy\u00e9 dans le polystyr\u00e8ne en partie basse c\u00f4t\u00e9 int\u00e9rieur permettant d\u2019accro\u00eetre la rigidit\u00e9, il permet aussi la fixation en partie haute de la menuiserie. Il est \u00e9quip\u00e9 de profils aluminium de finition ext\u00e9rieure avec aile faisant office de support pour l\u2019enduit de finition. C\u00f4t\u00e9 int\u00e9rieur une corni\u00e8re PVC permet une \u00e9tanch\u00e9it\u00e9 \u00e0 l\u2019air, jonction entre coffre et menuiserie. Coffre sous avis technique. Sous-face du coffre en PVC blanc<\/p>\n<p><u>Coulisses (rails)<\/u> : En aluminium 40x28mm \u00e0 l\u2019esth\u00e9tique galb\u00e9e \u00e9quip\u00e9es de joints qui permettent d\u2019obtenir une occultation renforc\u00e9e et de limiter fortement le bruit lorsqu\u2019il y a du vent. Coulisses 55x28mm \u00e0 l\u2019esth\u00e9tique plate pour grandes dimensions (utilisation des lames 56x12mm)<\/p>\n<p><u>Lames<\/u> : En aluminium double paroi inject\u00e9es de mousse isolante (DR + 0.15 W\/m\u00b2\u00b0k). Plusieurs dimensions de lames selon les dimensions et caract\u00e9ristiques du volet (39x8mm, 45x8mm, 56x12mm)<\/p>\n<p><u>\u00c9tanch\u00e9it\u00e9<\/u> : Joints sur les coulisses assurant une finition parfaite et une \u00e9tanch\u00e9it\u00e9 lat\u00e9rale + joint sur lame finale<\/p>\n<p><u>S\u00e9curit\u00e9<\/u> : Bloqueurs automatiques emp\u00eachant le soul\u00e8vement lorsque le volet est ferm\u00e9<\/p>\n<p><u>Man\u0153uvre<\/u> : Motorisation filaire, radio ou solaire. Bouton individuel fourni avec chaque volet roulant<\/p>\n<p><u>Performances<\/u> : Volet lab\u00e9lis\u00e9 VEMCROS : r\u00e9sistance au Vent (de 56 \u00e0 113 km\/h, Endurance (de 7 000 \u00e0 14 000 cycles, 1 cycle = 1 mont\u00e9e + 1 descente, soit un minimum de 20 ans d\u2019utilisation), Man\u0153uvre (mesure de l\u2019effort en fonctionnement normal ainsi que les man\u0153uvres brutales), Chocs (capacit\u00e9 de fonctionnement suite \u00e0 des chocs), Rayonnement solaire (test de d\u00e9formation \u00e0 la dilatation), Occultation (mesure du passage de la lumi\u00e8re), Sel (capacit\u00e9 \u00e0 conserver le bon fonctionnement et l\u2019aspect g\u00e9n\u00e9ral face \u00e0 l\u2019alt\u00e9ration du sel). Classification variable selon les dimensions du volet roulant<\/p>\n<p><u>Types de pose<\/u> : Sur ma\u00e7onnerie (id\u00e9al pour les constructions neuves)<\/p>\n<p><u>Prestations incluses<\/u> : Prise de contact t\u00e9l\u00e9phonique pour validation technique (c\u00f4t\u00e9 du moteur, etc.) + livraison<\/p>\n<p><u>TVA<\/u> : 20%<\/p>\n","protected":false},"excerpt":{"rendered":"<p>Configurez votre volet roulant sur-mesure mont\u00e9 dans un coffre tunnel !<\/p>\n<p>Les dimensions pr\u00e9cises vous seront demand\u00e9es lors d&#8217;une validation technique par t\u00e9l\u00e9phone (ou lors du m\u00e9tr\u00e9 si vous choisissez cette option lors du passage de commande)<\/p>\n[gallery link=\"none\" ids=\"125654,163797\"]\n","protected":false},"featured_media":169727,"comment_status":"open","ping_status":"closed","template":"","meta":[],"product_cat":[425,433],"product_tag":[],"class_list":["post-168162","product","type-product","status-publish","has-post-thumbnail","hentry","product_cat-volets-roulants-sur-mesure","product_cat-volets-roulants-sur-mesure-construction"],"composite_layout":"paged","composite_add_to_cart_form_location":"after_summary","composite_editable_in_cart":true,"composite_sold_individually_context":"product","composite_shop_price_calc":"defaults","composite_components":[{"id":"1631811944","title":"Caract\u00e9ristiques principales","description":"","query_type":"product_ids","query_ids":[164514],"default_option_id":164514,"thumbnail_id":"","thumbnail_src":"","quantity_min":1,"quantity_max":1,"priced_individually":true,"shipped_individually":true,"optional":false,"discount":"","options_style":"dropdowns","pagination_style":"classic","display_prices":"absolute","show_sorting_options":false,"show_filtering_options":false,"attribute_filter_ids":[],"product_title_visible":false,"product_descr_visible":true,"product_price_visible":true,"product_thumb_visible":false,"subtotal_visible_product":true,"subtotal_visible_cart":true,"subtotal_visible_orders":true},{"id":"1631811945","title":"Personnalisation","description":"","query_type":"product_ids","query_ids":[164519],"default_option_id":164519,"thumbnail_id":"","thumbnail_src":"","quantity_min":1,"quantity_max":1,"priced_individually":true,"shipped_individually":true,"optional":false,"discount":"","options_style":"dropdowns","pagination_style":"classic","display_prices":"absolute","show_sorting_options":false,"show_filtering_options":false,"attribute_filter_ids":[],"product_title_visible":false,"product_descr_visible":true,"product_price_visible":true,"product_thumb_visible":false,"subtotal_visible_product":true,"subtotal_visible_cart":true,"subtotal_visible_orders":true},{"id":"1631811946","title":"Options","description":"","query_type":"product_ids","query_ids":[164520],"default_option_id":164520,"thumbnail_id":"","thumbnail_src":"","quantity_min":1,"quantity_max":1,"priced_individually":true,"shipped_individually":true,"optional":false,"discount":"","options_style":"dropdowns","pagination_style":"classic","display_prices":"absolute","show_sorting_options":false,"show_filtering_options":false,"attribute_filter_ids":[],"product_title_visible":false,"product_descr_visible":true,"product_price_visible":true,"product_thumb_visible":false,"subtotal_visible_product":true,"subtotal_visible_cart":true,"subtotal_visible_orders":true},{"id":"1631811947","title":"Options","description":"","query_type":"product_ids","query_ids":[164521],"default_option_id":164521,"thumbnail_id":"","thumbnail_src":"","quantity_min":1,"quantity_max":1,"priced_individually":true,"shipped_individually":true,"optional":false,"discount":"","options_style":"dropdowns","pagination_style":"classic","display_prices":"absolute","show_sorting_options":false,"show_filtering_options":false,"attribute_filter_ids":[],"product_title_visible":false,"product_descr_visible":true,"product_price_visible":true,"product_thumb_visible":false,"subtotal_visible_product":true,"subtotal_visible_cart":true,"subtotal_visible_orders":true}],"composite_scenarios":[{"id":"1631882459","name":"Filaire","description":"","configuration":[{"component_id":"1631811944","component_options":[165327,165328,165329,165330,165331,165332,165333,165334,165335,165336,165337,165338,165339,165340,165341,165342,165343,165344,165345,165346,165347,165348,165349,165350,165351,165352,165353,165354,165355,165356,165357,165358,165359,165360,165361,165362,165363,165364,165365,165366,165367,165368,165369,165370,165371,165372,165373,165374,165375,165376,165377,165378,165379,165380,165381,165382,165383,165384,165385,165386,165387,165388,165389,165390,165391,165392,165393,165394,165395,165396,165397,165398,165399,165400,165401,165402,165403,165404,165405,165406,165407,165408,165409,165410,165411,165412,165413,165414,165415,165416,165417,165418,165419,165420,165421,165422,165423,165424,165425,165426,165427,165428,165429,165430,165431,165432,165433,165434,165435,165436,165437,165438,165439,165440,165441,165442,165443,165444,165445,165446,165447,165448,165449,165450,165451,165452,165453,165454,165455,165456,165457,165458,165459,165460,165461,165462,165463,165464,165465,165466,165467,165468,165469,165470,165471,165472,165473,165474,165475],"options_modifier":"in"},{"component_id":"1631811945","component_options":[0],"options_modifier":"masked"},{"component_id":"1631811946","component_options":[0],"options_modifier":"masked"},{"component_id":"1631811947","component_options":[0],"options_modifier":"masked"}],"actions":[{"action_id":"compat_group","is_active":true,"action_data":[]},{"action_id":"conditional_components","is_active":true,"action_data":{"hidden_components":["1631811946","1631811947"]}}],"enabled":false},{"id":"1631882460","name":"SOMFY","description":"","configuration":[{"component_id":"1631811944","component_options":[165476,165477,165478,165479,165480,165481,165482,165483,165484,165485,165486,165487,165488,165489,165490,165491,165492,165493,165494,165495,165496,165497,165498,165499,165500,165501,165502,165503,165504,165505,165506,165507,165508,165509,165510,165511,165512,165513,165514,165515,165516,165517,165518,165519,165520,165521,165522,165523,165524,165525,165526,165527,165528,165529,165530,165531,165532,165533,165534,165535,165536,165537,165538,165539,165540,165541,165542,165543,165544,165545,165546,165547,165548,165549,165550,165551,165552,165553,165554,165555,165556,165557,165558,165559,165560,165561,165562,165563,165564,165565,165566,165567,165568,165569,165570,165571,165572,165573,165574,165575,165576,165577,165578,165579,165580,165581,165582,165583,165584,165585,165586,165587,165588,165589,165590,165591,165592,165593,165594,165595,165596,165597,165598,165599,165600,165601,165602,165603,165604,165605,165606,165607,165608,165609,165610,165611,165612,165613,165614,165615,165616,165617,165618,165619,165620,165621,165622,165623,165624,165721,165722,165723,165724,165725,165726,165727,165728,165729,165730,165731,165732,165733,165734,165735,165736,165737,165738,165739,165740,165741,165742,165743,165744,165745,165746,165747,165748,165749,165750,165751,165752,165753,165754,165755,165756,165757,165758,165759,165760,165761,165762,165763,165764,165765,165766,165767,165768,165769,165770,165771,165772,165773,165774,165775,165776,165777,165778,165779,165780,165781,165782,165783,165784,165785,165786,165787,165788,165789,165790,165791,165792,165793,165794,165795,165796,165797,165798,165799,165800,165801,165802,165803,165804,165805,165806,165807,165808,165809,165810,165811,165812,165813,165814,165815,165816],"options_modifier":"in"},{"component_id":"1631811945","component_options":[0],"options_modifier":"masked"},{"component_id":"1631811946","component_options":[0],"options_modifier":"masked"},{"component_id":"1631811947","component_options":[0],"options_modifier":"masked"}],"actions":[{"action_id":"compat_group","is_active":true,"action_data":[]},{"action_id":"conditional_components","is_active":true,"action_data":{"hidden_components":["1631811947"]}}],"enabled":false},{"id":"1631882461","name":"AOK","description":"","configuration":[{"component_id":"1631811944","component_options":[165625,165626,165627,165628,165629,165630,165631,165632,165633,165634,165635,165636,165637,165638,165639,165640,165641,165642,165643,165644,165645,165646,165647,165648,165649,165650,165651,165652,165653,165654,165655,165656,165657,165658,165659,165660,165661,165662,165663,165664,165665,165666,165667,165668,165669,165670,165671,165672,165673,165674,165675,165676,165677,165678,165679,165680,165681,165682,165683,165684,165685,165686,165687,165688,165689,165690,165691,165692,165693,165694,165695,165696,165697,165698,165699,165700,165701,165702,165703,165704,165705,165706,165707,165708,165709,165710,165711,165712,165713,165714,165715,165716,165717,165718,165719,165720],"options_modifier":"in"},{"component_id":"1631811945","component_options":[0],"options_modifier":"masked"},{"component_id":"1631811946","component_options":[0],"options_modifier":"masked"},{"component_id":"1631811947","component_options":[0],"options_modifier":"masked"}],"actions":[{"action_id":"compat_group","is_active":true,"action_data":[]},{"action_id":"conditional_components","is_active":true,"action_data":{"hidden_components":["1631811946"]}}],"enabled":false}],"_links":{"self":[{"href":"https:\/\/www.renovart-ouvertures.fr\/boutique\/wp-json\/wp\/v2\/product\/168162","targetHints":{"allow":["GET"]}}],"collection":[{"href":"https:\/\/www.renovart-ouvertures.fr\/boutique\/wp-json\/wp\/v2\/product"}],"about":[{"href":"https:\/\/www.renovart-ouvertures.fr\/boutique\/wp-json\/wp\/v2\/types\/product"}],"replies":[{"embeddable":true,"href":"https:\/\/www.renovart-ouvertures.fr\/boutique\/wp-json\/wp\/v2\/comments?post=168162"}],"wp:featuredmedia":[{"embeddable":true,"href":"https:\/\/www.renovart-ouvertures.fr\/boutique\/wp-json\/wp\/v2\/media\/169727"}],"wp:attachment":[{"href":"https:\/\/www.renovart-ouvertures.fr\/boutique\/wp-json\/wp\/v2\/media?parent=168162"}],"wp:term":[{"taxonomy":"product_cat","embeddable":true,"href":"https:\/\/www.renovart-ouvertures.fr\/boutique\/wp-json\/wp\/v2\/product_cat?post=168162"},{"taxonomy":"product_tag","embeddable":true,"href":"https:\/\/www.renovart-ouvertures.fr\/boutique\/wp-json\/wp\/v2\/product_tag?post=168162"}],"curies":[{"name":"wp","href":"https:\/\/api.w.org\/{rel}","templated":true}]}}